{"id":588,"date":"2025-11-23T14:35:01","date_gmt":"2025-11-23T14:35:01","guid":{"rendered":"https:\/\/no-booking.dk\/?page_id=588"},"modified":"2025-12-10T13:38:34","modified_gmt":"2025-12-10T13:38:34","slug":"danser-med-drenge","status":"publish","type":"page","link":"https:\/\/no-booking.dk\/?page_id=588","title":{"rendered":"Danser med drenge"},"content":{"rendered":"<p>[et_pb_section fb_built=&#8221;1&#8243; custom_padding_last_edited=&#8221;on|phone&#8221; admin_label=&#8221;Hero&#8221; _builder_version=&#8221;4.27.4&#8243; use_background_color_gradient=&#8221;on&#8221; background_color_gradient_stops=&#8221;rgba(49,128,192,0.2) 0%|rgba(49,128,192,0.6) 100%&#8221; background_color_gradient_overlays_image=&#8221;on&#8221; background_color_gradient_start=&#8221;rgba(49,128,192,0.2)&#8221; background_color_gradient_end=&#8221;rgba(49,128,192,0.6)&#8221; background_image=&#8221;https:\/\/no-booking.dk\/wp-content\/uploads\/2025\/12\/danser-med-drenge-booking-resizewidth-1200.jpg&#8221; custom_margin=&#8221;|5vw||&#8221; custom_padding=&#8221;10vw||10vw||true|false&#8221; custom_padding_tablet=&#8221;100px||100px|&#8221; custom_padding_phone=&#8221;|||&#8221; animation_style=&#8221;slide&#8221; animation_direction=&#8221;left&#8221; animation_intensity_slide=&#8221;5%&#8221; border_radii=&#8221;|||30vw|&#8221; border_color_all=&#8221;#0ee1f4&#8243; border_width_right=&#8221;2vw&#8221; box_shadow_style=&#8221;preset4&#8243; box_shadow_horizontal=&#8221;20px&#8221; box_shadow_vertical=&#8221;0px&#8221; box_shadow_color=&#8221;rgba(14,225,244,0.33)&#8221; global_colors_info=&#8221;{}&#8221;][et_pb_row _builder_version=&#8221;4.27.4&#8243; custom_padding=&#8221;0|0px|27px|0px&#8221; global_colors_info=&#8221;{}&#8221;][et_pb_column type=&#8221;4_4&#8243; _builder_version=&#8221;4.16&#8243; custom_padding=&#8221;|||&#8221; global_colors_info=&#8221;{}&#8221; custom_padding__hover=&#8221;|||&#8221;][et_pb_text admin_label=&#8221;Text&#8221; _builder_version=&#8221;4.27.4&#8243; text_font=&#8221;Montserrat|300|||||||&#8221; text_font_size=&#8221;22px&#8221; text_line_height=&#8221;1.8em&#8221; ul_font=&#8221;||||||||&#8221; header_font=&#8221;Montserrat|500|||||||&#8221; header_font_size=&#8221;5vw&#8221; header_line_height=&#8221;1.2em&#8221; text_orientation=&#8221;center&#8221; background_layout=&#8221;dark&#8221; module_alignment=&#8221;center&#8221; text_line_height_tablet=&#8221;2em&#8221; text_line_height_phone=&#8221;2em&#8221; text_line_height_last_edited=&#8221;off|desktop&#8221; header_font_size_tablet=&#8221;40px&#8221; header_font_size_phone=&#8221;&#8221; header_font_size_last_edited=&#8221;on|tablet&#8221; header_line_height_tablet=&#8221;1.2em&#8221; header_line_height_phone=&#8221;1.1em&#8221; header_line_height_last_edited=&#8221;on|phone&#8221; header_text_shadow_style=&#8221;preset3&#8243; header_text_shadow_color=&#8221;rgba(0,0,0,0.06)&#8221; global_colors_info=&#8221;{}&#8221;]<\/p>\n<h1><\/h1>\n<h1>Danser med drenge<\/h1>\n<p>&#8220;Hvor l\u00e6nge vil du ydmyge dig&#8221; og mange andre kendte melodier, fra de st\u00f8rste danske scener\u00a0 \u00a0<\/p>\n<p>[\/et_pb_text][et_pb_button button_url=&#8221;#&#8221; button_text=&#8221;Book en aftale via no-boking  tlf: 61 31 24 06&#8243; button_alignment=&#8221;center&#8221; _builder_version=&#8221;4.27.5&#8243; custom_button=&#8221;on&#8221; button_text_size=&#8221;14px&#8221; button_bg_color=&#8221;#48d14c&#8221; button_border_width=&#8221;16px&#8221; button_border_color=&#8221;#48d14c&#8221; button_border_radius=&#8221;100px&#8221; button_letter_spacing=&#8221;1px&#8221; button_font=&#8221;Montserrat|500|||||||&#8221; background_layout=&#8221;dark&#8221; custom_margin=&#8221;40px||40px||true|&#8221; custom_padding=&#8221;|||&#8221; hover_enabled=&#8221;0&#8243; global_colors_info=&#8221;{}&#8221; button_text_size__hover_enabled=&#8221;off&#8221; button_one_text_size__hover_enabled=&#8221;off&#8221; button_two_text_size__hover_enabled=&#8221;off&#8221; button_text_color__hover_enabled=&#8221;off&#8221; button_one_text_color__hover_enabled=&#8221;off&#8221; button_two_text_color__hover_enabled=&#8221;off&#8221; button_border_width__hover_enabled=&#8221;off&#8221; button_one_border_width__hover_enabled=&#8221;off&#8221; button_two_border_width__hover_enabled=&#8221;off&#8221; button_border_color__hover_enabled=&#8221;off&#8221; button_one_border_color__hover_enabled=&#8221;off&#8221; button_two_border_color__hover_enabled=&#8221;off&#8221; button_border_radius__hover_enabled=&#8221;off&#8221; button_one_border_radius__hover_enabled=&#8221;off&#8221; button_two_border_radius__hover_enabled=&#8221;off&#8221; button_letter_spacing__hover_enabled=&#8221;off&#8221; button_one_letter_spacing__hover_enabled=&#8221;off&#8221; button_two_letter_spacing__hover_enabled=&#8221;off&#8221; button_bg_color__hover_enabled=&#8221;off&#8221; button_one_bg_color__hover_enabled=&#8221;off&#8221; button_two_bg_color__hover_enabled=&#8221;off&#8221; sticky_enabled=&#8221;0&#8243;][\/et_pb_button][\/et_pb_column][\/et_pb_row][\/et_pb_section][et_pb_section fb_built=&#8221;1&#8243; admin_label=&#8221;Why Us&#8221; _builder_version=&#8221;4.16&#8243; custom_padding=&#8221;100px|0px|0px|0px|false|false&#8221; global_colors_info=&#8221;{}&#8221;][et_pb_row column_structure=&#8221;1_2,1_2&#8243; _builder_version=&#8221;4.27.4&#8243; width=&#8221;100%&#8221; max_width=&#8221;100%&#8221; custom_margin=&#8221;|||&#8221; custom_margin_tablet=&#8221;||0px|&#8221; custom_margin_phone=&#8221;&#8221; custom_margin_last_edited=&#8221;on|desktop&#8221; custom_padding=&#8221;|||&#8221; use_custom_width=&#8221;on&#8221; width_unit=&#8221;off&#8221; custom_width_percent=&#8221;100%&#8221; global_colors_info=&#8221;{}&#8221;][et_pb_column type=&#8221;1_2&#8243; _builder_version=&#8221;4.16&#8243; custom_padding=&#8221;60px||60px|14%&#8221; custom_padding_tablet=&#8221;0px|50px|50px|50px&#8221; custom_padding_phone=&#8221;0px|50px|50px|50px&#8221; custom_padding_last_edited=&#8221;on|desktop&#8221; global_colors_info=&#8221;{}&#8221; padding_tablet=&#8221;0px|50px|50px|50px&#8221; padding_last_edited=&#8221;on|desktop&#8221; custom_padding__hover=&#8221;|||&#8221; padding_phone=&#8221;0px|50px|50px|50px&#8221;][et_pb_text _builder_version=&#8221;4.27.4&#8243; text_font=&#8221;Montserrat|300|||||||&#8221; text_font_size=&#8221;16px&#8221; text_line_height=&#8221;1.8em&#8221; header_font=&#8221;||||||||&#8221; header_2_font=&#8221;Montserrat|300|||||||&#8221; header_2_font_size=&#8221;40px&#8221; header_2_line_height=&#8221;1.5em&#8221; max_width=&#8221;623px&#8221; custom_margin=&#8221;|-54px||-54px||true&#8221; custom_margin_tablet=&#8221;0px|50px||50px&#8221; custom_margin_last_edited=&#8221;off|desktop&#8221; custom_padding=&#8221;|||&#8221; header_2_font_size_tablet=&#8221;&#8221; header_2_font_size_phone=&#8221;30px&#8221; header_2_font_size_last_edited=&#8221;on|phone&#8221; global_colors_info=&#8221;{}&#8221;]<\/p>\n<h2 style=\"text-align: justify;\"><a href=\"https:\/\/no-booking.dk\/wp-content\/uploads\/2025\/11\/Danser-med-drenge.docx\" rel=\"attachment wp-att-697\">Danser med drenge<\/a><\/h2>\n<p>[\/et_pb_text][et_pb_text _builder_version=&#8221;4.27.4&#8243; text_font=&#8221;Montserrat|300|||||||&#8221; text_font_size=&#8221;16px&#8221; text_line_height=&#8221;2em&#8221; link_font=&#8221;||||||||&#8221; ul_font=&#8221;||||||||&#8221; ol_font=&#8221;||||||||&#8221; quote_font=&#8221;||||||||&#8221; header_font=&#8221;||||||||&#8221; header_2_font=&#8221;Montserrat|300|||||||&#8221; header_2_text_color=&#8221;#212d3b&#8221; header_2_font_size=&#8221;40px&#8221; header_2_line_height=&#8221;1.5em&#8221; max_width=&#8221;600px&#8221; custom_margin=&#8221;|||&#8221; custom_margin_tablet=&#8221;0px|50px||50px&#8221; custom_margin_last_edited=&#8221;off|desktop&#8221; custom_padding=&#8221;|||&#8221; global_colors_info=&#8221;{}&#8221;]<\/p>\n<p style=\"text-align: left;\"><strong style=\"font-size: 16px;\"><br \/>no-booking pr\u00e6senterer Danser med Drenge<br \/><\/strong><strong><\/strong>Efter fire \u00e5rs pause og et farvel til deres tidligere sangerinde, er Danser med Drenge nu tilbage p\u00e5 koncertscenen &#8211; med en sk\u00f8n ny sangerinde, Ida Ambrose, to forrygende nye musikere og to st\u00e6rke nye albums i bagagen.<br \/>S\u00e5dan booker du Danser med Drenge.<br \/><strong>Ring 6131 2406 eller <a href=\"mailto:mail@no-booking.dk\">mail@no-booking.dk<\/a><br \/><\/strong>S\u00e5 er du godt p\u00e5 vej<\/p>\n<p><strong> <\/strong><\/p>\n<p><strong><\/strong><\/p>\n<p><span><br \/><strong>Koncerter<\/strong><br \/>De spillede en h\u00e5ndfuld fantastiske koncerter i sommeren 2023 og 2024, hvor de alle vegne m\u00f8dte\u00a0 taknemmelige fans, som viste hvor meget de havde v\u00e6ret savnet. Det var meget st\u00e6rkt og bev\u00e6gende.<\/span><\/p>\n<p>Klaus Kjellerup udtaler: &#8220;Desv\u00e6rre mistede vi vores k\u00e6re ven og fremragende guitarist Steffen, som d\u00f8de uventet i 2024, men vi fandt hurtigt hans afl\u00f8ser, i den 30-\u00e5rige k\u00f8benhavnske guitarist August Campeotto.<\/p>\n<p>&nbsp;<\/p>\n<p>&nbsp;<\/p>\n<p>[\/et_pb_text][\/et_pb_column][et_pb_column type=&#8221;1_2&#8243; _builder_version=&#8221;4.16&#8243; custom_padding=&#8221;|||&#8221; global_colors_info=&#8221;{}&#8221; custom_padding__hover=&#8221;|||&#8221;][et_pb_image src=&#8221;https:\/\/no-booking.dk\/wp-content\/uploads\/2025\/12\/dansermeddrenge_l.jpg&#8221; title_text=&#8221;dansermeddrenge_l&#8221; align_tablet=&#8221;center&#8221; align_phone=&#8221;center&#8221; align_last_edited=&#8221;on|desktop&#8221; _builder_version=&#8221;4.27.4&#8243; width=&#8221;100%&#8221; max_width=&#8221;100%&#8221; min_height=&#8221;496px&#8221; height=&#8221;754px&#8221; max_height=&#8221;533px&#8221; custom_margin=&#8221;169px||-325px|||&#8221; custom_padding=&#8221;104px|||||&#8221; animation_style=&#8221;slide&#8221; animation_direction=&#8221;right&#8221; animation_intensity_slide=&#8221;5%&#8221; border_radii=&#8221;|30px|||15vw&#8221; border_color_all=&#8221;#2f8cff&#8221; border_width_left=&#8221;2vw&#8221; box_shadow_style=&#8221;preset3&#8243; box_shadow_vertical=&#8221;30px&#8221; box_shadow_blur=&#8221;80px&#8221; box_shadow_spread=&#8221;-30px&#8221; box_shadow_color=&#8221;rgba(102,141,186,0.7)&#8221; global_colors_info=&#8221;{}&#8221;][\/et_pb_image][\/et_pb_column][\/et_pb_row][\/et_pb_section][et_pb_section fb_built=&#8221;1&#8243; admin_label=&#8221;Services&#8221; _builder_version=&#8221;4.16&#8243; background_color=&#8221;#f1f5f7&#8243; custom_padding=&#8221;100px|0px|100px|0px|true|false&#8221; border_radii=&#8221;|15vw|||&#8221; global_colors_info=&#8221;{}&#8221;][et_pb_row column_structure=&#8221;1_3,1_3,1_3&#8243; custom_padding_last_edited=&#8221;off|desktop&#8221; admin_label=&#8221;Text Area&#8221; _builder_version=&#8221;4.16&#8243; custom_padding=&#8221;|||&#8221; custom_padding_tablet=&#8221;100px||50px|&#8221; global_colors_info=&#8221;{}&#8221;][et_pb_column type=&#8221;1_3&#8243; _builder_version=&#8221;4.16&#8243; custom_padding=&#8221;|||&#8221; global_colors_info=&#8221;{}&#8221; custom_padding__hover=&#8221;|||&#8221;][et_pb_video src=&#8221;https:\/\/www.youtube.com\/watch?v=83fnAcxqID8&#038;list=RD83fnAcxqID8&#038;start_radio=1&#8243; _builder_version=&#8221;4.27.4&#8243; _module_preset=&#8221;default&#8221; global_colors_info=&#8221;{}&#8221;][\/et_pb_video][\/et_pb_column][et_pb_column type=&#8221;1_3&#8243; _builder_version=&#8221;4.16&#8243; custom_padding=&#8221;|||&#8221; global_colors_info=&#8221;{}&#8221; custom_padding__hover=&#8221;|||&#8221;][et_pb_video src=&#8221;https:\/\/www.youtube.com\/watch?v=Evt84-ho7IQ&#038;list=RDEvt84-ho7IQ&#038;start_radio=1&#8243; _builder_version=&#8221;4.27.4&#8243; _module_preset=&#8221;default&#8221; global_colors_info=&#8221;{}&#8221;][\/et_pb_video][\/et_pb_column][et_pb_column type=&#8221;1_3&#8243; _builder_version=&#8221;4.16&#8243; custom_padding=&#8221;|||&#8221; global_colors_info=&#8221;{}&#8221; custom_padding__hover=&#8221;|||&#8221;][et_pb_video src=&#8221;https:\/\/www.youtube.com\/watch?v=cM_QF4xUr00&#038;list=RDcM_QF4xUr00&#038;start_radio=1&#8243; _builder_version=&#8221;4.27.4&#8243; _module_preset=&#8221;default&#8221; global_colors_info=&#8221;{}&#8221;][\/et_pb_video][\/et_pb_column][\/et_pb_row][et_pb_row column_structure=&#8221;1_3,1_3,1_3&#8243; _builder_version=&#8221;4.27.4&#8243; custom_padding=&#8221;|||1px||&#8221; global_colors_info=&#8221;{}&#8221;][et_pb_column type=&#8221;1_3&#8243; _builder_version=&#8221;4.27.4&#8243; custom_padding=&#8221;|||&#8221; global_colors_info=&#8221;{}&#8221; custom_padding__hover=&#8221;|||&#8221;][et_pb_image _builder_version=&#8221;4.27.4&#8243; _module_preset=&#8221;default&#8221; global_colors_info=&#8221;{}&#8221;][\/et_pb_image][et_pb_image src=&#8221;https:\/\/no-booking.dk\/wp-content\/uploads\/2025\/12\/Danser_med_Drenge_2024_3370.jpg&#8221; title_text=&#8221;Danser_med_Drenge_2024_3370&#8243; show_bottom_space=&#8221;off&#8221; force_fullwidth=&#8221;on&#8221; align_tablet=&#8221;center&#8221; align_phone=&#8221;center&#8221; align_last_edited=&#8221;on|desktop&#8221; _builder_version=&#8221;4.27.4&#8243; min_height=&#8221;165.1px&#8221; custom_margin=&#8221;-42px|||||&#8221; custom_padding=&#8221;6px|||||&#8221; animation_style=&#8221;slide&#8221; animation_direction=&#8221;bottom&#8221; animation_delay=&#8221;200ms&#8221; animation_intensity_slide=&#8221;12%&#8221; border_radii=&#8221;|25px|25px||&#8221; locked=&#8221;off&#8221; global_colors_info=&#8221;{}&#8221;][\/et_pb_image][et_pb_cta button_url=&#8221;#&#8221; _builder_version=&#8221;4.27.4&#8243; header_level=&#8221;h3&#8243; header_font=&#8221;||||||||&#8221; header_line_height=&#8221;1.5em&#8221; body_font=&#8221;Montserrat|300|||||||&#8221; body_text_align=&#8221;center&#8221; body_font_size=&#8221;15px&#8221; body_line_height=&#8221;2em&#8221; background_color=&#8221;#ffffff&#8221; custom_button=&#8221;on&#8221; button_text_size=&#8221;14px&#8221; button_text_color=&#8221;#2f8cff&#8221; button_bg_color=&#8221;rgba(0,0,0,0.05)&#8221; button_border_width=&#8221;0px&#8221; button_border_radius=&#8221;100px&#8221; button_letter_spacing=&#8221;1px&#8221; button_font=&#8221;Montserrat||||||||&#8221; button_use_icon=&#8221;off&#8221; background_layout=&#8221;light&#8221; custom_padding=&#8221;30px|30px|30px|30px|true|true&#8221; animation_direction=&#8221;top&#8221; border_radii=&#8221;|||25px|25px&#8221; box_shadow_style=&#8221;preset3&#8243; box_shadow_vertical=&#8221;30px&#8221; box_shadow_blur=&#8221;50px&#8221; box_shadow_spread=&#8221;-30px&#8221; box_shadow_color=&#8221;rgba(0,0,0,0.1)&#8221; button_text_color_hover=&#8221;#ffffff&#8221; button_bg_color_hover=&#8221;#48d14c&#8221; locked=&#8221;off&#8221; global_colors_info=&#8221;{}&#8221; button_text_size__hover_enabled=&#8221;off&#8221; button_one_text_size__hover_enabled=&#8221;off&#8221; button_two_text_size__hover_enabled=&#8221;off&#8221; button_text_color__hover_enabled=&#8221;on&#8221; button_text_color__hover=&#8221;#ffffff&#8221; button_one_text_color__hover_enabled=&#8221;off&#8221; button_two_text_color__hover_enabled=&#8221;off&#8221; button_border_width__hover_enabled=&#8221;off&#8221; button_one_border_width__hover_enabled=&#8221;off&#8221; button_two_border_width__hover_enabled=&#8221;off&#8221; button_border_color__hover_enabled=&#8221;off&#8221; button_one_border_color__hover_enabled=&#8221;off&#8221; button_two_border_color__hover_enabled=&#8221;off&#8221; button_border_radius__hover_enabled=&#8221;off&#8221; button_one_border_radius__hover_enabled=&#8221;off&#8221; button_two_border_radius__hover_enabled=&#8221;off&#8221; button_letter_spacing__hover_enabled=&#8221;off&#8221; button_one_letter_spacing__hover_enabled=&#8221;off&#8221; button_two_letter_spacing__hover_enabled=&#8221;off&#8221; button_bg_color__hover_enabled=&#8221;on&#8221; button_bg_color__hover=&#8221;#48d14c&#8221; button_one_bg_color__hover_enabled=&#8221;off&#8221; button_two_bg_color__hover_enabled=&#8221;off&#8221;]<\/p>\n<p>&nbsp;<\/p>\n<p>\u201dDet tidligere Danser med Drenge var et orkester fyldt med mislyde, &#8211; men nu ser vi fremad med en helt ny bandkonstellation\u201d, &#8211; udtaler grundl\u00e6gger Klaus Kjellerup til no-booking.dk<\/p>\n<p>Klaus Kjellerup var utrolig glad for modtagelsen af det nye band, hvor man efter<\/p>\n<p>&nbsp;<\/p>\n<p>[\/et_pb_cta][\/et_pb_column][et_pb_column type=&#8221;1_3&#8243; _builder_version=&#8221;4.16&#8243; custom_padding=&#8221;|||&#8221; global_colors_info=&#8221;{}&#8221; custom_padding__hover=&#8221;|||&#8221;][et_pb_image src=&#8221;https:\/\/no-booking.dk\/wp-content\/uploads\/2025\/12\/2501-loerdagshits-0816-dansermeddrenge-tivolidk-hero-1920x800px-scaled.jpg&#8221; title_text=&#8221;2501-loerdagshits-0816-dansermeddrenge-tivolidk-hero-1920x800px&#8221; url=&#8221;https:\/\/www.facebook.com\/reel\/1397744341443257&#8243; show_bottom_space=&#8221;off&#8221; force_fullwidth=&#8221;on&#8221; align_tablet=&#8221;center&#8221; align_phone=&#8221;center&#8221; align_last_edited=&#8221;on|desktop&#8221; _builder_version=&#8221;4.27.4&#8243; animation_style=&#8221;slide&#8221; animation_direction=&#8221;bottom&#8221; animation_delay=&#8221;100ms&#8221; animation_intensity_slide=&#8221;12%&#8221; border_radii=&#8221;|25px|25px||&#8221; locked=&#8221;off&#8221; global_colors_info=&#8221;{}&#8221;][\/et_pb_image][et_pb_cta button_url=&#8221;#&#8221; _builder_version=&#8221;4.27.4&#8243; header_level=&#8221;h3&#8243; header_font=&#8221;||||||||&#8221; header_line_height=&#8221;1.5em&#8221; body_font=&#8221;Montserrat|300|||||||&#8221; body_text_align=&#8221;center&#8221; body_font_size=&#8221;15px&#8221; body_line_height=&#8221;2em&#8221; background_color=&#8221;#ffffff&#8221; custom_button=&#8221;on&#8221; button_text_size=&#8221;14px&#8221; button_text_color=&#8221;#2f8cff&#8221; button_bg_color=&#8221;rgba(0,0,0,0.05)&#8221; button_border_width=&#8221;0px&#8221; button_border_radius=&#8221;100px&#8221; button_letter_spacing=&#8221;1px&#8221; button_font=&#8221;Montserrat||||||||&#8221; button_use_icon=&#8221;off&#8221; background_layout=&#8221;light&#8221; custom_padding=&#8221;30px|30px|30px|30px|true|true&#8221; animation_direction=&#8221;top&#8221; border_radii=&#8221;|||25px|25px&#8221; box_shadow_style=&#8221;preset3&#8243; box_shadow_vertical=&#8221;30px&#8221; box_shadow_blur=&#8221;50px&#8221; box_shadow_spread=&#8221;-30px&#8221; box_shadow_color=&#8221;rgba(0,0,0,0.1)&#8221; button_text_color_hover=&#8221;#ffffff&#8221; button_bg_color_hover=&#8221;#48d14c&#8221; locked=&#8221;off&#8221; global_colors_info=&#8221;{}&#8221; button_text_size__hover_enabled=&#8221;off&#8221; button_one_text_size__hover_enabled=&#8221;off&#8221; button_two_text_size__hover_enabled=&#8221;off&#8221; button_text_color__hover_enabled=&#8221;on&#8221; button_text_color__hover=&#8221;#ffffff&#8221; button_one_text_color__hover_enabled=&#8221;off&#8221; button_two_text_color__hover_enabled=&#8221;off&#8221; button_border_width__hover_enabled=&#8221;off&#8221; button_one_border_width__hover_enabled=&#8221;off&#8221; button_two_border_width__hover_enabled=&#8221;off&#8221; button_border_color__hover_enabled=&#8221;off&#8221; button_one_border_color__hover_enabled=&#8221;off&#8221; button_two_border_color__hover_enabled=&#8221;off&#8221; button_border_radius__hover_enabled=&#8221;off&#8221; button_one_border_radius__hover_enabled=&#8221;off&#8221; button_two_border_radius__hover_enabled=&#8221;off&#8221; button_letter_spacing__hover_enabled=&#8221;off&#8221; button_one_letter_spacing__hover_enabled=&#8221;off&#8221; button_two_letter_spacing__hover_enabled=&#8221;off&#8221; button_bg_color__hover_enabled=&#8221;on&#8221; button_bg_color__hover=&#8221;#48d14c&#8221; button_one_bg_color__hover_enabled=&#8221;off&#8221; button_two_bg_color__hover_enabled=&#8221;off&#8221;]<\/p>\n<p>To et halvt \u00e5rs pause p\u00e5 grund af Corona-aflysninger, spillede for udsolgte huse i flere byer. \u201dKoncerterne er og bliver det vi lever for som musikere, at st\u00e5 der p\u00e5 scenen foran et oplagt publikum og synge f\u00e6llessang, &#8211; det er en ubeskrivelig f\u00f8lelse der giver mig g\u00e5sehud over hele kroppen\u201d.<br \/>\u201dDu ringer bare n\u00e5r du har et job til os\u201d \u2013 sluttede Klaus af medsmil i stemmen.<br \/>\u00a0 Ja, ja Klaus \u2013 vi ringer f\u00f8r end du aner<\/p>\n<p>[\/et_pb_cta][\/et_pb_column][et_pb_column type=&#8221;1_3&#8243; _builder_version=&#8221;4.16&#8243; custom_padding=&#8221;|||&#8221; global_colors_info=&#8221;{}&#8221; custom_padding__hover=&#8221;|||&#8221;][et_pb_image src=&#8221;https:\/\/no-booking.dk\/wp-content\/uploads\/2025\/12\/channels4_profile.jpg&#8221; title_text=&#8221;channels4_profile&#8221; show_bottom_space=&#8221;off&#8221; force_fullwidth=&#8221;on&#8221; align_tablet=&#8221;center&#8221; align_phone=&#8221;center&#8221; align_last_edited=&#8221;on|desktop&#8221; _builder_version=&#8221;4.27.4&#8243; animation_style=&#8221;slide&#8221; animation_direction=&#8221;bottom&#8221; animation_delay=&#8221;200ms&#8221; animation_intensity_slide=&#8221;12%&#8221; border_radii=&#8221;|25px|25px||&#8221; locked=&#8221;off&#8221; global_colors_info=&#8221;{}&#8221;][\/et_pb_image][et_pb_cta button_url=&#8221;#&#8221; _builder_version=&#8221;4.27.4&#8243; header_level=&#8221;h3&#8243; header_font=&#8221;||||||||&#8221; header_line_height=&#8221;1.5em&#8221; body_font=&#8221;Montserrat|300|||||||&#8221; body_text_align=&#8221;center&#8221; body_font_size=&#8221;15px&#8221; body_line_height=&#8221;2em&#8221; background_color=&#8221;#ffffff&#8221; custom_button=&#8221;on&#8221; button_text_size=&#8221;14px&#8221; button_text_color=&#8221;#2f8cff&#8221; button_bg_color=&#8221;rgba(0,0,0,0.05)&#8221; button_border_width=&#8221;0px&#8221; button_border_radius=&#8221;100px&#8221; button_letter_spacing=&#8221;1px&#8221; button_font=&#8221;Montserrat||||||||&#8221; button_use_icon=&#8221;off&#8221; background_layout=&#8221;light&#8221; custom_padding=&#8221;30px|30px|30px|30px|true|true&#8221; animation_direction=&#8221;top&#8221; border_radii=&#8221;|||25px|25px&#8221; box_shadow_style=&#8221;preset3&#8243; box_shadow_vertical=&#8221;30px&#8221; box_shadow_blur=&#8221;50px&#8221; box_shadow_spread=&#8221;-30px&#8221; box_shadow_color=&#8221;rgba(0,0,0,0.1)&#8221; button_text_color_hover=&#8221;#ffffff&#8221; button_bg_color_hover=&#8221;#48d14c&#8221; locked=&#8221;off&#8221; global_colors_info=&#8221;{}&#8221; button_text_size__hover_enabled=&#8221;off&#8221; button_one_text_size__hover_enabled=&#8221;off&#8221; button_two_text_size__hover_enabled=&#8221;off&#8221; button_text_color__hover_enabled=&#8221;on&#8221; button_text_color__hover=&#8221;#ffffff&#8221; button_one_text_color__hover_enabled=&#8221;off&#8221; button_two_text_color__hover_enabled=&#8221;off&#8221; button_border_width__hover_enabled=&#8221;off&#8221; button_one_border_width__hover_enabled=&#8221;off&#8221; button_two_border_width__hover_enabled=&#8221;off&#8221; button_border_color__hover_enabled=&#8221;off&#8221; button_one_border_color__hover_enabled=&#8221;off&#8221; button_two_border_color__hover_enabled=&#8221;off&#8221; button_border_radius__hover_enabled=&#8221;off&#8221; button_one_border_radius__hover_enabled=&#8221;off&#8221; button_two_border_radius__hover_enabled=&#8221;off&#8221; button_letter_spacing__hover_enabled=&#8221;off&#8221; button_one_letter_spacing__hover_enabled=&#8221;off&#8221; button_two_letter_spacing__hover_enabled=&#8221;off&#8221; button_bg_color__hover_enabled=&#8221;on&#8221; button_bg_color__hover=&#8221;#48d14c&#8221; button_one_bg_color__hover_enabled=&#8221;off&#8221; button_two_bg_color__hover_enabled=&#8221;off&#8221;]<\/p>\n<p><strong><em>Rie Rasmussens afl\u00f8ser<\/em><\/strong><br \/>Rie Rasmussen forlod i 2020 Danser med Drenge efter 25 \u00e5r,\u00a0fordi hun ville v\u00e6re solo artist. Kort tid efter overtog <strong>Ida Ambrose<\/strong>, der startede sin egen musikalske karriere som rapper tilbage i 2001, og og siden har udgivet musik i eget navn, som den ene halvdel af duoen <strong>Ida <\/strong><strong>Aida:<\/strong> \u201dIda har en stor klang, det har hun bevist fra starten<\/p>\n<p>&nbsp;<\/p>\n<p>[\/et_pb_cta][\/et_pb_column][\/et_pb_row][\/et_pb_section]<\/p>\n","protected":false},"excerpt":{"rendered":"<p>Danser med drenge &#8220;Hvor l\u00e6nge vil du ydmyge dig&#8221; og mange andre kendte melodier, fra de st\u00f8rste danske scener\u00a0 \u00a0Danser med drengeno-booking pr\u00e6senterer Danser med DrengeEfter fire \u00e5rs pause og et farvel til deres tidligere sangerinde, er Danser med Drenge nu tilbage p\u00e5 koncertscenen &#8211; med en sk\u00f8n ny sangerinde, Ida Ambrose, to forrygende nye [&hellip;]<\/p>\n","protected":false},"author":2,"featured_media":0,"parent":0,"menu_order":0,"comment_status":"closed","ping_status":"closed","template":"","meta":{"_et_pb_use_builder":"on","_et_pb_old_content":"","_et_gb_content_width":"","footnotes":""},"folder":[],"class_list":["post-588","page","type-page","status-publish","hentry"],"jetpack_sharing_enabled":true,"_links":{"self":[{"href":"https:\/\/no-booking.dk\/index.php?rest_route=\/wp\/v2\/pages\/588","targetHints":{"allow":["GET"]}}],"collection":[{"href":"https:\/\/no-booking.dk\/index.php?rest_route=\/wp\/v2\/pages"}],"about":[{"href":"https:\/\/no-booking.dk\/index.php?rest_route=\/wp\/v2\/types\/page"}],"author":[{"embeddable":true,"href":"https:\/\/no-booking.dk\/index.php?rest_route=\/wp\/v2\/users\/2"}],"replies":[{"embeddable":true,"href":"https:\/\/no-booking.dk\/index.php?rest_route=%2Fwp%2Fv2%2Fcomments&post=588"}],"version-history":[{"count":49,"href":"https:\/\/no-booking.dk\/index.php?rest_route=\/wp\/v2\/pages\/588\/revisions"}],"predecessor-version":[{"id":1834,"href":"https:\/\/no-booking.dk\/index.php?rest_route=\/wp\/v2\/pages\/588\/revisions\/1834"}],"wp:attachment":[{"href":"https:\/\/no-booking.dk\/index.php?rest_route=%2Fwp%2Fv2%2Fmedia&parent=588"}],"wp:term":[{"taxonomy":"folder","embeddable":true,"href":"https:\/\/no-booking.dk\/index.php?rest_route=%2Fwp%2Fv2%2Ffolder&post=588"}],"curies":[{"name":"wp","href":"https:\/\/api.w.org\/{rel}","templated":true}]}}