{"id":839,"date":"2025-11-25T10:02:42","date_gmt":"2025-11-25T10:02:42","guid":{"rendered":"https:\/\/no-booking.dk\/?page_id=839"},"modified":"2026-01-09T21:41:33","modified_gmt":"2026-01-09T21:41:33","slug":"hitfingers","status":"publish","type":"page","link":"https:\/\/no-booking.dk\/?page_id=839","title":{"rendered":"Hitfingers"},"content":{"rendered":"<p>[et_pb_section fb_built=&#8221;1&#8243; custom_padding_last_edited=&#8221;on|phone&#8221; admin_label=&#8221;Hero&#8221; _builder_version=&#8221;4.27.5&#8243; use_background_color_gradient=&#8221;on&#8221; background_color_gradient_stops=&#8221;rgba(49,128,192,0.2) 0%|rgba(49,128,192,0.6) 100%&#8221; background_color_gradient_overlays_image=&#8221;on&#8221; background_color_gradient_start=&#8221;rgba(49,128,192,0.2)&#8221; background_color_gradient_end=&#8221;rgba(49,128,192,0.6)&#8221; background_image=&#8221;http:\/\/no-booking.dk\/wp-content\/uploads\/2025\/12\/Hitfingers.jpg&#8221; custom_margin=&#8221;|5vw||&#8221; custom_padding=&#8221;10vw||10vw||true|false&#8221; custom_padding_tablet=&#8221;100px||100px|&#8221; custom_padding_phone=&#8221;|||&#8221; animation_style=&#8221;slide&#8221; animation_direction=&#8221;left&#8221; animation_intensity_slide=&#8221;5%&#8221; hover_enabled=&#8221;0&#8243; border_radii=&#8221;|||30vw|&#8221; border_color_all=&#8221;#0ee1f4&#8243; border_width_right=&#8221;2vw&#8221; box_shadow_style=&#8221;preset4&#8243; box_shadow_horizontal=&#8221;20px&#8221; box_shadow_vertical=&#8221;0px&#8221; box_shadow_color=&#8221;rgba(14,225,244,0.33)&#8221; global_colors_info=&#8221;{}&#8221; title_text=&#8221;Hitfingers&#8221; sticky_enabled=&#8221;0&#8243;][et_pb_row _builder_version=&#8221;4.16&#8243; custom_padding=&#8221;0|0px|27px|0px&#8221; global_colors_info=&#8221;{}&#8221;][et_pb_column type=&#8221;4_4&#8243; _builder_version=&#8221;4.16&#8243; custom_padding=&#8221;|||&#8221; global_colors_info=&#8221;{}&#8221; custom_padding__hover=&#8221;|||&#8221;][et_pb_text admin_label=&#8221;Text&#8221; _builder_version=&#8221;4.27.4&#8243; text_font=&#8221;Montserrat|300|||||||&#8221; text_font_size=&#8221;22px&#8221; text_line_height=&#8221;1.8em&#8221; ul_font=&#8221;||||||||&#8221; header_font=&#8221;Montserrat|500|||||||&#8221; header_font_size=&#8221;5vw&#8221; header_line_height=&#8221;1.2em&#8221; text_orientation=&#8221;center&#8221; background_layout=&#8221;dark&#8221; module_alignment=&#8221;center&#8221; text_line_height_tablet=&#8221;2em&#8221; text_line_height_phone=&#8221;2em&#8221; text_line_height_last_edited=&#8221;off|desktop&#8221; header_font_size_tablet=&#8221;40px&#8221; header_font_size_phone=&#8221;&#8221; header_font_size_last_edited=&#8221;on|tablet&#8221; header_line_height_tablet=&#8221;1.2em&#8221; header_line_height_phone=&#8221;1.1em&#8221; header_line_height_last_edited=&#8221;on|phone&#8221; header_text_shadow_style=&#8221;preset3&#8243; header_text_shadow_color=&#8221;rgba(0,0,0,0.06)&#8221; global_colors_info=&#8221;{}&#8221;]<\/p>\n<h1>Hitfingers<\/h1>\n<p>To musikere der har utrolig erfaring.<\/p>\n<p>[\/et_pb_text][et_pb_button button_url=&#8221;#&#8221; button_text=&#8221;Book en aftale via no-boking  tlf: 61 31 24 06&#8243; button_alignment=&#8221;center&#8221; _builder_version=&#8221;4.27.5&#8243; custom_button=&#8221;on&#8221; button_text_size=&#8221;14px&#8221; button_bg_color=&#8221;#48d14c&#8221; button_border_width=&#8221;16px&#8221; button_border_color=&#8221;#48d14c&#8221; button_border_radius=&#8221;100px&#8221; button_letter_spacing=&#8221;1px&#8221; button_font=&#8221;Montserrat|500|||||||&#8221; background_layout=&#8221;dark&#8221; custom_margin=&#8221;40px|||&#8221; custom_padding=&#8221;|||&#8221; global_colors_info=&#8221;{}&#8221; button_text_size__hover_enabled=&#8221;off&#8221; button_one_text_size__hover_enabled=&#8221;off&#8221; button_two_text_size__hover_enabled=&#8221;off&#8221; button_text_color__hover_enabled=&#8221;off&#8221; button_one_text_color__hover_enabled=&#8221;off&#8221; button_two_text_color__hover_enabled=&#8221;off&#8221; button_border_width__hover_enabled=&#8221;off&#8221; button_one_border_width__hover_enabled=&#8221;off&#8221; button_two_border_width__hover_enabled=&#8221;off&#8221; button_border_color__hover_enabled=&#8221;off&#8221; button_one_border_color__hover_enabled=&#8221;off&#8221; button_two_border_color__hover_enabled=&#8221;off&#8221; button_border_radius__hover_enabled=&#8221;off&#8221; button_one_border_radius__hover_enabled=&#8221;off&#8221; button_two_border_radius__hover_enabled=&#8221;off&#8221; button_letter_spacing__hover_enabled=&#8221;off&#8221; button_one_letter_spacing__hover_enabled=&#8221;off&#8221; button_two_letter_spacing__hover_enabled=&#8221;off&#8221; button_bg_color__hover_enabled=&#8221;off&#8221; button_one_bg_color__hover_enabled=&#8221;off&#8221; button_two_bg_color__hover_enabled=&#8221;off&#8221;][\/et_pb_button][\/et_pb_column][\/et_pb_row][\/et_pb_section][et_pb_section fb_built=&#8221;1&#8243; admin_label=&#8221;Why Us&#8221; _builder_version=&#8221;4.16&#8243; custom_padding=&#8221;100px|0px|0px|0px|false|false&#8221; global_colors_info=&#8221;{}&#8221;][et_pb_row column_structure=&#8221;1_2,1_2&#8243; _builder_version=&#8221;4.16&#8243; width=&#8221;100%&#8221; max_width=&#8221;100%&#8221; min_height=&#8221;985px&#8221; custom_margin=&#8221;-98px|auto||auto||&#8221; custom_margin_tablet=&#8221;||0px|&#8221; custom_margin_phone=&#8221;&#8221; custom_margin_last_edited=&#8221;on|desktop&#8221; custom_padding=&#8221;||0px|||&#8221; use_custom_width=&#8221;on&#8221; width_unit=&#8221;off&#8221; custom_width_percent=&#8221;100%&#8221; global_colors_info=&#8221;{}&#8221;][et_pb_column type=&#8221;1_2&#8243; _builder_version=&#8221;4.16&#8243; custom_padding=&#8221;60px||60px|14%&#8221; custom_padding_tablet=&#8221;0px|50px|50px|50px&#8221; custom_padding_phone=&#8221;0px|50px|50px|50px&#8221; custom_padding_last_edited=&#8221;on|desktop&#8221; global_colors_info=&#8221;{}&#8221; padding_tablet=&#8221;0px|50px|50px|50px&#8221; padding_last_edited=&#8221;on|desktop&#8221; custom_padding__hover=&#8221;|||&#8221; padding_phone=&#8221;0px|50px|50px|50px&#8221;][et_pb_text _builder_version=&#8221;4.16&#8243; text_font=&#8221;Montserrat|300|||||||&#8221; text_font_size=&#8221;16px&#8221; text_line_height=&#8221;1.8em&#8221; header_font=&#8221;||||||||&#8221; header_2_font=&#8221;Montserrat|300|||||||&#8221; header_2_font_size=&#8221;40px&#8221; header_2_line_height=&#8221;1.5em&#8221; max_width=&#8221;600px&#8221; custom_margin=&#8221;|||&#8221; custom_margin_tablet=&#8221;0px|50px||50px&#8221; custom_margin_last_edited=&#8221;off|desktop&#8221; custom_padding=&#8221;|||&#8221; header_2_font_size_tablet=&#8221;&#8221; header_2_font_size_phone=&#8221;30px&#8221; header_2_font_size_last_edited=&#8221;on|phone&#8221; inline_fonts=&#8221;Abel,Alata&#8221; global_colors_info=&#8221;{}&#8221;]<\/p>\n<h1><span style=\"background-color: #ffffff; font-size: 40px; font-family: Alata; font-weight: normal;\">Festduo i s\u00e6rklasse<\/span><\/h1>\n<h1><strong style=\"font-size: 16px; color: #666666;\">HITFINGERS<\/strong><span style=\"font-size: 16px; color: #666666;\"> er en velspillende duo, &#8211; den <\/span><span style=\"font-size: 16px; color: #666666;\">perfekte l\u00f8sning til festen.<\/span><\/h1>\n<p>De har med stor succes specialiseret sig i at levere vellydende og festlig livemusik til privatfester, udend\u00f8rs sommerarrangementer, m\u00e6rkedage samt firma- og foreningsfester.<\/p>\n<p>Det er to erfarne herrer, men det betyder bestemt ikke en s\u00f8vnig eller kedelig musikoplevelse \u2013 tv\u00e6rtimod! N\u00e5r de \u201d\u00e5bner godteposen\u201d, bliver der skruet op for vellyd og professionalisme, og leverer <strong>HIT p\u00e5 HIT p\u00e5 HIT<\/strong> \u2013 med masser af energi og spillegl\u00e6de.<br \/><strong>Kontakt no-booking. <\/strong><br \/><strong>6131 2406 -mail@no-booking.dk<\/strong><\/p>\n<p>&nbsp;<\/p>\n<p>[\/et_pb_text][\/et_pb_column][et_pb_column type=&#8221;1_2&#8243; _builder_version=&#8221;4.16&#8243; custom_padding=&#8221;|||&#8221; global_colors_info=&#8221;{}&#8221; custom_padding__hover=&#8221;|||&#8221;][et_pb_image src=&#8221;https:\/\/no-booking.dk\/wp-content\/uploads\/2025\/12\/hitfingers-106989361.jpg&#8221; title_text=&#8221;hitfingers 106989361&#8243; force_fullwidth=&#8221;on&#8221; align_tablet=&#8221;center&#8221; align_phone=&#8221;center&#8221; align_last_edited=&#8221;on|desktop&#8221; _builder_version=&#8221;4.27.4&#8243; min_height=&#8221;818px&#8221; height=&#8221;818px&#8221; max_height=&#8221;817px&#8221; custom_margin=&#8221;|||&#8221; custom_padding=&#8221;|||&#8221; animation_style=&#8221;slide&#8221; animation_direction=&#8221;right&#8221; animation_intensity_slide=&#8221;5%&#8221; border_radii=&#8221;|30px|||15vw&#8221; border_color_all=&#8221;#2f8cff&#8221; border_width_left=&#8221;2vw&#8221; box_shadow_style=&#8221;preset3&#8243; box_shadow_vertical=&#8221;30px&#8221; box_shadow_blur=&#8221;80px&#8221; box_shadow_spread=&#8221;-30px&#8221; box_shadow_color=&#8221;rgba(102,141,186,0.7)&#8221; global_colors_info=&#8221;{}&#8221;][\/et_pb_image][\/et_pb_column][\/et_pb_row][\/et_pb_section][et_pb_section fb_built=&#8221;1&#8243; admin_label=&#8221;Services&#8221; _builder_version=&#8221;4.16&#8243; background_color=&#8221;#f1f5f7&#8243; min_height=&#8221;477.9px&#8221; custom_margin=&#8221;4px||-2px|||&#8221; custom_padding=&#8221;71px|0px|71px|0px|true|false&#8221; border_radii=&#8221;|15vw|||&#8221; global_colors_info=&#8221;{}&#8221;][et_pb_row column_structure=&#8221;1_3,1_3,1_3&#8243; custom_padding_last_edited=&#8221;off|desktop&#8221; admin_label=&#8221;Text Area&#8221; _builder_version=&#8221;4.16&#8243; custom_padding=&#8221;|||&#8221; custom_padding_tablet=&#8221;100px||50px|&#8221; locked=&#8221;off&#8221; global_colors_info=&#8221;{}&#8221;][et_pb_column type=&#8221;1_3&#8243; _builder_version=&#8221;4.16&#8243; custom_padding=&#8221;|||&#8221; global_colors_info=&#8221;{}&#8221; custom_padding__hover=&#8221;|||&#8221;][et_pb_video src=&#8221;https:\/\/www.youtube.com\/watch?v=sqTGh15dUM8&#038;list=RDsqTGh15dUM8&#038;start_radio=1&#8243; _builder_version=&#8221;4.27.4&#8243; _module_preset=&#8221;default&#8221; global_colors_info=&#8221;{}&#8221;][\/et_pb_video][\/et_pb_column][et_pb_column type=&#8221;1_3&#8243; _builder_version=&#8221;4.16&#8243; custom_padding=&#8221;|||&#8221; global_colors_info=&#8221;{}&#8221; custom_padding__hover=&#8221;|||&#8221;][et_pb_video src=&#8221;https:\/\/www.youtube.com\/watch?v=J5y3A7yVp6Y&#038;list=RDJ5y3A7yVp6Y&#038;start_radio=1&#8243; _builder_version=&#8221;4.27.4&#8243; _module_preset=&#8221;default&#8221; global_colors_info=&#8221;{}&#8221;][\/et_pb_video][\/et_pb_column][et_pb_column type=&#8221;1_3&#8243; _builder_version=&#8221;4.16&#8243; custom_padding=&#8221;|||&#8221; global_colors_info=&#8221;{}&#8221; custom_padding__hover=&#8221;|||&#8221;][et_pb_video src=&#8221;https:\/\/www.youtube.com\/watch?v=rGIVhB1K3l8&#038;list=RDrGIVhB1K3l8&#038;start_radio=1&#8243; _builder_version=&#8221;4.27.4&#8243; _module_preset=&#8221;default&#8221; global_colors_info=&#8221;{}&#8221;][\/et_pb_video][\/et_pb_column][\/et_pb_row][et_pb_row column_structure=&#8221;1_3,1_3,1_3&#8243; _builder_version=&#8221;4.27.4&#8243; min_height=&#8221;1828.7px&#8221; custom_margin=&#8221;|auto|-113px|auto||&#8221; custom_padding=&#8221;||0px|1px||&#8221; locked=&#8221;off&#8221; global_colors_info=&#8221;{}&#8221;][et_pb_column type=&#8221;1_3&#8243; _builder_version=&#8221;4.27.4&#8243; custom_padding=&#8221;|||&#8221; global_colors_info=&#8221;{}&#8221; custom_padding__hover=&#8221;|||&#8221;][et_pb_image _builder_version=&#8221;4.27.4&#8243; _module_preset=&#8221;default&#8221; global_colors_info=&#8221;{}&#8221;][\/et_pb_image][et_pb_image src=&#8221;https:\/\/no-booking.dk\/wp-content\/uploads\/2025\/12\/hitfingers-106989361.jpg&#8221; title_text=&#8221;hitfingers 106989361&#8243; show_bottom_space=&#8221;off&#8221; force_fullwidth=&#8221;on&#8221; align_tablet=&#8221;center&#8221; align_phone=&#8221;center&#8221; align_last_edited=&#8221;on|desktop&#8221; _builder_version=&#8221;4.27.4&#8243; min_height=&#8221;165.1px&#8221; custom_margin=&#8221;-42px|||||&#8221; custom_padding=&#8221;6px|||||&#8221; animation_style=&#8221;slide&#8221; animation_direction=&#8221;bottom&#8221; animation_delay=&#8221;200ms&#8221; animation_intensity_slide=&#8221;12%&#8221; border_radii=&#8221;|25px|25px||&#8221; locked=&#8221;off&#8221; global_colors_info=&#8221;{}&#8221;][\/et_pb_image][et_pb_cta button_url=&#8221;#&#8221; _builder_version=&#8221;4.27.4&#8243; header_level=&#8221;h3&#8243; header_font=&#8221;||||||||&#8221; header_line_height=&#8221;1.5em&#8221; body_font=&#8221;Montserrat|300|||||||&#8221; body_text_align=&#8221;center&#8221; body_font_size=&#8221;15px&#8221; body_line_height=&#8221;2em&#8221; background_color=&#8221;#ffffff&#8221; custom_button=&#8221;on&#8221; button_text_size=&#8221;14px&#8221; button_text_color=&#8221;#2f8cff&#8221; button_bg_color=&#8221;rgba(0,0,0,0.05)&#8221; button_border_width=&#8221;0px&#8221; button_border_radius=&#8221;100px&#8221; button_letter_spacing=&#8221;1px&#8221; button_font=&#8221;Montserrat||||||||&#8221; button_use_icon=&#8221;off&#8221; background_layout=&#8221;light&#8221; custom_padding=&#8221;30px|30px|30px|30px|true|true&#8221; animation_direction=&#8221;top&#8221; border_radii=&#8221;|||25px|25px&#8221; box_shadow_style=&#8221;preset3&#8243; box_shadow_vertical=&#8221;30px&#8221; box_shadow_blur=&#8221;50px&#8221; box_shadow_spread=&#8221;-30px&#8221; box_shadow_color=&#8221;rgba(0,0,0,0.1)&#8221; button_text_color_hover=&#8221;#ffffff&#8221; button_bg_color_hover=&#8221;#48d14c&#8221; locked=&#8221;off&#8221; global_colors_info=&#8221;{}&#8221; button_text_size__hover_enabled=&#8221;off&#8221; button_one_text_size__hover_enabled=&#8221;off&#8221; button_two_text_size__hover_enabled=&#8221;off&#8221; button_text_color__hover_enabled=&#8221;on&#8221; button_text_color__hover=&#8221;#ffffff&#8221; button_one_text_color__hover_enabled=&#8221;off&#8221; button_two_text_color__hover_enabled=&#8221;off&#8221; button_border_width__hover_enabled=&#8221;off&#8221; button_one_border_width__hover_enabled=&#8221;off&#8221; button_two_border_width__hover_enabled=&#8221;off&#8221; button_border_color__hover_enabled=&#8221;off&#8221; button_one_border_color__hover_enabled=&#8221;off&#8221; button_two_border_color__hover_enabled=&#8221;off&#8221; button_border_radius__hover_enabled=&#8221;off&#8221; button_one_border_radius__hover_enabled=&#8221;off&#8221; button_two_border_radius__hover_enabled=&#8221;off&#8221; button_letter_spacing__hover_enabled=&#8221;off&#8221; button_one_letter_spacing__hover_enabled=&#8221;off&#8221; button_two_letter_spacing__hover_enabled=&#8221;off&#8221; button_bg_color__hover_enabled=&#8221;on&#8221; button_bg_color__hover=&#8221;#48d14c&#8221; button_one_bg_color__hover_enabled=&#8221;off&#8221; button_two_bg_color__hover_enabled=&#8221;off&#8221;]<\/p>\n<p>&nbsp;<\/p>\n<p><strong>Dinnermusik<\/strong><\/p>\n<p><strong>HITFINGERS<\/strong> leverer 1\u20134 timers stemningsfuld og behagelig <em>easy listening<\/em>-musik arrangeret for guitar \u2013 ledsaget af egenproduceret, let og elegant backing.<br \/>Musikken er tilpasset et behageligt lydniveau, s\u00e5 g\u00e6sterne kan tale sammen, og omfatter ogs\u00e5 gerne akkompagnement til eventuelle festsange.<\/p>\n<p><strong>Dansemusik<\/strong><\/p>\n<p><strong>HITFINGERS<\/strong> leverer 1\u20135 timers vellydende og festligt poprepertoire til dansegulvet, sp\u00e6kket med store hits, som alle kender.<br \/>Repertoiret rummer bl.a. musik af:<br \/><strong>Kim Larsen, Shu-bi-dua, Thomas Helmig, Dodo &amp; The Dodos, Bamses Venner, Kandis, Lars Lilholt, Laid Back, Nice Little Penguins og Rasmus Seebach<\/strong> \u2013<\/p>\n<p>[\/et_pb_cta][\/et_pb_column][et_pb_column type=&#8221;1_3&#8243; _builder_version=&#8221;4.16&#8243; custom_padding=&#8221;|||&#8221; global_colors_info=&#8221;{}&#8221; custom_padding__hover=&#8221;|||&#8221;][et_pb_image src=&#8221;https:\/\/no-booking.dk\/wp-content\/uploads\/2025\/12\/Hitfingers.jpg&#8221; title_text=&#8221;Hitfingers&#8221; url=&#8221;https:\/\/www.facebook.com\/reel\/1397744341443257&#8243; show_bottom_space=&#8221;off&#8221; force_fullwidth=&#8221;on&#8221; align_tablet=&#8221;center&#8221; align_phone=&#8221;center&#8221; align_last_edited=&#8221;on|desktop&#8221; _builder_version=&#8221;4.27.4&#8243; animation_style=&#8221;slide&#8221; animation_direction=&#8221;bottom&#8221; animation_delay=&#8221;100ms&#8221; animation_intensity_slide=&#8221;12%&#8221; border_radii=&#8221;|25px|25px||&#8221; locked=&#8221;off&#8221; global_colors_info=&#8221;{}&#8221;][\/et_pb_image][et_pb_cta button_url=&#8221;#&#8221; _builder_version=&#8221;4.27.4&#8243; header_level=&#8221;h3&#8243; header_font=&#8221;||||||||&#8221; header_line_height=&#8221;1.5em&#8221; body_font=&#8221;Montserrat|300|||||||&#8221; body_text_align=&#8221;center&#8221; body_font_size=&#8221;15px&#8221; body_line_height=&#8221;2em&#8221; background_color=&#8221;#ffffff&#8221; custom_button=&#8221;on&#8221; button_text_size=&#8221;14px&#8221; button_text_color=&#8221;#2f8cff&#8221; button_bg_color=&#8221;rgba(0,0,0,0.05)&#8221; button_border_width=&#8221;0px&#8221; button_border_radius=&#8221;100px&#8221; button_letter_spacing=&#8221;1px&#8221; button_font=&#8221;Montserrat||||||||&#8221; button_use_icon=&#8221;off&#8221; background_layout=&#8221;light&#8221; custom_margin=&#8221;||-12px|||&#8221; custom_padding=&#8221;12px|30px|12px|30px|true|true&#8221; animation_direction=&#8221;top&#8221; border_radii=&#8221;|||25px|25px&#8221; box_shadow_style=&#8221;preset3&#8243; box_shadow_vertical=&#8221;30px&#8221; box_shadow_blur=&#8221;50px&#8221; box_shadow_spread=&#8221;-30px&#8221; box_shadow_color=&#8221;rgba(0,0,0,0.1)&#8221; button_text_color_hover=&#8221;#ffffff&#8221; button_bg_color_hover=&#8221;#48d14c&#8221; locked=&#8221;off&#8221; global_colors_info=&#8221;{}&#8221; button_text_size__hover_enabled=&#8221;off&#8221; button_one_text_size__hover_enabled=&#8221;off&#8221; button_two_text_size__hover_enabled=&#8221;off&#8221; button_text_color__hover_enabled=&#8221;on&#8221; button_text_color__hover=&#8221;#ffffff&#8221; button_one_text_color__hover_enabled=&#8221;off&#8221; button_two_text_color__hover_enabled=&#8221;off&#8221; button_border_width__hover_enabled=&#8221;off&#8221; button_one_border_width__hover_enabled=&#8221;off&#8221; button_two_border_width__hover_enabled=&#8221;off&#8221; button_border_color__hover_enabled=&#8221;off&#8221; button_one_border_color__hover_enabled=&#8221;off&#8221; button_two_border_color__hover_enabled=&#8221;off&#8221; button_border_radius__hover_enabled=&#8221;off&#8221; button_one_border_radius__hover_enabled=&#8221;off&#8221; button_two_border_radius__hover_enabled=&#8221;off&#8221; button_letter_spacing__hover_enabled=&#8221;off&#8221; button_one_letter_spacing__hover_enabled=&#8221;off&#8221; button_two_letter_spacing__hover_enabled=&#8221;off&#8221; button_bg_color__hover_enabled=&#8221;on&#8221; button_bg_color__hover=&#8221;#48d14c&#8221; button_one_bg_color__hover_enabled=&#8221;off&#8221; button_two_bg_color__hover_enabled=&#8221;off&#8221;]<\/p>\n<p>samt et udvalg af de st\u00f8rste danske Grand Prix-klassikere.<\/p>\n<p>Repertoiret suppleres med popul\u00e6re internationale hits fra bl.a.:<br \/><strong>The Beatles, Cliff &amp; The Shadows, The Searchers, Creedence Clearwater Revival, The Police, John Paul Young, Bee Gees, Dire Straits, Eric Clapton, Ronan Keating m.fl.<\/strong><\/p>\n<p>Kort sagt. En seri\u00f8s duo der lyder som et helt orkester og som leverer et HIT baseret dansemusik \u201cmed gang i\u201d, og et repertoire som indeholder en lang r\u00e6kke kendte melodier, som b\u00e5de de yngre, de voksne og den \u00e6ldre generation, kan synge med p\u00e5.<\/p>\n<p><strong>Niels Bylund<\/strong> <strong>kan nu ogs\u00e5 bookes til solo \/ troubadour events hvor \u00f8nsket om, og gl\u00e6den ved vellydende, festlige og sk\u00f8nne sange, er i h\u00f8js\u00e6det <\/strong><\/p>\n<p>Med over 50 \u00e5rs erfaring som lead\/korsanger og musiker i bands som Radiserne, Badedyrene, Klaus &amp; Servants og HITFINGERS m.fl., er det en rutineret herre der nu ogs\u00e5 underholder som solist, med sang og musik.<\/p>\n<p>[\/et_pb_cta][\/et_pb_column][et_pb_column type=&#8221;1_3&#8243; _builder_version=&#8221;4.16&#8243; custom_padding=&#8221;|||&#8221; global_colors_info=&#8221;{}&#8221; custom_padding__hover=&#8221;|||&#8221;][et_pb_image src=&#8221;https:\/\/no-booking.dk\/wp-content\/uploads\/2025\/12\/306659137_10224464240167312_5482392216640450828_n.jpg&#8221; title_text=&#8221;306659137_10224464240167312_5482392216640450828_n&#8221; show_bottom_space=&#8221;off&#8221; force_fullwidth=&#8221;on&#8221; align_tablet=&#8221;center&#8221; align_phone=&#8221;center&#8221; align_last_edited=&#8221;on|desktop&#8221; _builder_version=&#8221;4.27.4&#8243; animation_style=&#8221;slide&#8221; animation_direction=&#8221;bottom&#8221; animation_delay=&#8221;200ms&#8221; animation_intensity_slide=&#8221;12%&#8221; border_radii=&#8221;|25px|25px||&#8221; locked=&#8221;off&#8221; global_colors_info=&#8221;{}&#8221;][\/et_pb_image][et_pb_cta button_url=&#8221;#&#8221; _builder_version=&#8221;4.27.4&#8243; header_level=&#8221;h3&#8243; header_font=&#8221;||||||||&#8221; header_line_height=&#8221;1.5em&#8221; body_font=&#8221;Montserrat|300|||||||&#8221; body_text_align=&#8221;center&#8221; body_font_size=&#8221;15px&#8221; body_line_height=&#8221;2em&#8221; background_color=&#8221;#ffffff&#8221; custom_button=&#8221;on&#8221; button_text_size=&#8221;14px&#8221; button_text_color=&#8221;#2f8cff&#8221; button_bg_color=&#8221;rgba(0,0,0,0.05)&#8221; button_border_width=&#8221;0px&#8221; button_border_radius=&#8221;100px&#8221; button_letter_spacing=&#8221;1px&#8221; button_font=&#8221;Montserrat||||||||&#8221; button_use_icon=&#8221;off&#8221; background_layout=&#8221;light&#8221; min_height=&#8221;1425.2px&#8221; custom_margin=&#8221;||-1400px|||&#8221; custom_padding=&#8221;0px|30px|0px|30px|true|true&#8221; animation_direction=&#8221;top&#8221; border_radii=&#8221;|||25px|25px&#8221; box_shadow_style=&#8221;preset3&#8243; box_shadow_vertical=&#8221;30px&#8221; box_shadow_blur=&#8221;50px&#8221; box_shadow_spread=&#8221;-30px&#8221; box_shadow_color=&#8221;rgba(0,0,0,0.1)&#8221; button_text_color_hover=&#8221;#ffffff&#8221; button_bg_color_hover=&#8221;#48d14c&#8221; locked=&#8221;off&#8221; global_colors_info=&#8221;{}&#8221; button_text_size__hover_enabled=&#8221;off&#8221; button_one_text_size__hover_enabled=&#8221;off&#8221; button_two_text_size__hover_enabled=&#8221;off&#8221; button_text_color__hover_enabled=&#8221;on&#8221; button_text_color__hover=&#8221;#ffffff&#8221; button_one_text_color__hover_enabled=&#8221;off&#8221; button_two_text_color__hover_enabled=&#8221;off&#8221; button_border_width__hover_enabled=&#8221;off&#8221; button_one_border_width__hover_enabled=&#8221;off&#8221; button_two_border_width__hover_enabled=&#8221;off&#8221; button_border_color__hover_enabled=&#8221;off&#8221; button_one_border_color__hover_enabled=&#8221;off&#8221; button_two_border_color__hover_enabled=&#8221;off&#8221; button_border_radius__hover_enabled=&#8221;off&#8221; button_one_border_radius__hover_enabled=&#8221;off&#8221; button_two_border_radius__hover_enabled=&#8221;off&#8221; button_letter_spacing__hover_enabled=&#8221;off&#8221; button_one_letter_spacing__hover_enabled=&#8221;off&#8221; button_two_letter_spacing__hover_enabled=&#8221;off&#8221; button_bg_color__hover_enabled=&#8221;on&#8221; button_bg_color__hover=&#8221;#48d14c&#8221; button_one_bg_color__hover_enabled=&#8221;off&#8221; button_two_bg_color__hover_enabled=&#8221;off&#8221;]<\/p>\n<p><strong>Niels Bylund solo<br \/><\/strong>Mere end 2000 arrangementer i ind og udland. Indspilning af en halv snes grammofonplader og CD\u00b4er. LIVE backing til kendte sangere og solister som f.eks. Keld &amp; Hilda Heick, Lis &amp; Per, Richard Ragnwald, Bj\u00f8rn Tidmand, Lise Haavig, Jesper Lundgaard, Flemming Antony m.fl. Samt flere s\u00e6soner som revy musiker for Klaus Pagh, er det blevet til igennem \u00e5rene.<\/p>\n<p>I dag \u201dudfoldes\u201d og opbygges musikken i Niels Bylunds hjemmestudie, hvor der produceres audio backing tracks, til b\u00e5de <strong>HITFINGERS<\/strong> og til Niels Bylunds solo repertoire.<\/p>\n<p>K\u00e6rligheden til de smukke sange forn\u00e6gter sig ikke n\u00e5r Niels Bylund optr\u00e6der solo.Her behandles &#8211; med beh\u00f8rig respekt for det originale ophav \u2013 kendte og dejlige sange fra det k\u00e6mpe katalog af musik vi alle sammen er vokset op med og har h\u00f8rt utallige gange i radio og TV igennem de seneste 50 \u2013 60 \u00e5r.<\/p>\n<p>Gl\u00e6d dig til dejlige sange og vellyd n\u00e5r Niels Bylund p\u00e5 en yderst elegant m\u00e5de, kombinerer anvendelsen af ny digital audio teknologi, med sin gode stemme og musikalitet.<\/p>\n<p>[\/et_pb_cta][\/et_pb_column][\/et_pb_row][\/et_pb_section]<\/p>\n","protected":false},"excerpt":{"rendered":"<p>Hitfingers To musikere der har utrolig erfaring.Festduo i s\u00e6rklasse HITFINGERS er en velspillende duo, &#8211; den perfekte l\u00f8sning til festen. De har med stor succes specialiseret sig i at levere vellydende og festlig livemusik til privatfester, udend\u00f8rs sommerarrangementer, m\u00e6rkedage samt firma- og foreningsfester. Det er to erfarne herrer, men det betyder bestemt ikke en s\u00f8vnig [&hellip;]<\/p>\n","protected":false},"author":2,"featured_media":0,"parent":0,"menu_order":0,"comment_status":"closed","ping_status":"closed","template":"","meta":{"_et_pb_use_builder":"on","_et_pb_old_content":"","_et_gb_content_width":"","footnotes":""},"folder":[],"class_list":["post-839","page","type-page","status-publish","hentry"],"jetpack_sharing_enabled":true,"_links":{"self":[{"href":"https:\/\/no-booking.dk\/index.php?rest_route=\/wp\/v2\/pages\/839","targetHints":{"allow":["GET"]}}],"collection":[{"href":"https:\/\/no-booking.dk\/index.php?rest_route=\/wp\/v2\/pages"}],"about":[{"href":"https:\/\/no-booking.dk\/index.php?rest_route=\/wp\/v2\/types\/page"}],"author":[{"embeddable":true,"href":"https:\/\/no-booking.dk\/index.php?rest_route=\/wp\/v2\/users\/2"}],"replies":[{"embeddable":true,"href":"https:\/\/no-booking.dk\/index.php?rest_route=%2Fwp%2Fv2%2Fcomments&post=839"}],"version-history":[{"count":35,"href":"https:\/\/no-booking.dk\/index.php?rest_route=\/wp\/v2\/pages\/839\/revisions"}],"predecessor-version":[{"id":2404,"href":"https:\/\/no-booking.dk\/index.php?rest_route=\/wp\/v2\/pages\/839\/revisions\/2404"}],"wp:attachment":[{"href":"https:\/\/no-booking.dk\/index.php?rest_route=%2Fwp%2Fv2%2Fmedia&parent=839"}],"wp:term":[{"taxonomy":"folder","embeddable":true,"href":"https:\/\/no-booking.dk\/index.php?rest_route=%2Fwp%2Fv2%2Ffolder&post=839"}],"curies":[{"name":"wp","href":"https:\/\/api.w.org\/{rel}","templated":true}]}}