{"id":857,"date":"2025-12-06T13:50:37","date_gmt":"2025-12-06T13:50:37","guid":{"rendered":"https:\/\/no-booking.dk\/?page_id=857"},"modified":"2026-01-26T22:45:17","modified_gmt":"2026-01-26T22:45:17","slug":"red-mustangs","status":"publish","type":"page","link":"https:\/\/no-booking.dk\/?page_id=857","title":{"rendered":"Red Mustangs"},"content":{"rendered":"<p>[et_pb_section fb_built=&#8221;1&#8243; custom_padding_last_edited=&#8221;on|phone&#8221; admin_label=&#8221;Hero&#8221; _builder_version=&#8221;4.27.5&#8243; use_background_color_gradient=&#8221;on&#8221; background_color_gradient_stops=&#8221;rgba(49,128,192,0.2) 0%|rgba(49,128,192,0.6) 100%&#8221; background_color_gradient_overlays_image=&#8221;on&#8221; background_color_gradient_start=&#8221;rgba(49,128,192,0.2)&#8221; background_color_gradient_end=&#8221;rgba(49,128,192,0.6)&#8221; background_image=&#8221;http:\/\/no-booking.dk\/wp-content\/uploads\/2026\/01\/Roed-Mustang1-25-prct-scaled.jpg&#8221; background_size=&#8221;contain&#8221; min_height=&#8221;809px&#8221; height=&#8221;805px&#8221; max_height=&#8221;810px&#8221; custom_margin=&#8221;|5vw||&#8221; custom_padding=&#8221;36vw||36vw||true|false&#8221; custom_padding_tablet=&#8221;100px||100px|&#8221; custom_padding_phone=&#8221;|||&#8221; animation_style=&#8221;slide&#8221; animation_direction=&#8221;left&#8221; animation_intensity_slide=&#8221;5%&#8221; hover_enabled=&#8221;0&#8243; border_radii=&#8221;|||30vw|&#8221; border_color_all=&#8221;#0ee1f4&#8243; border_width_right=&#8221;2vw&#8221; box_shadow_style=&#8221;preset4&#8243; box_shadow_horizontal=&#8221;20px&#8221; box_shadow_vertical=&#8221;0px&#8221; box_shadow_color=&#8221;rgba(14,225,244,0.33)&#8221; global_colors_info=&#8221;{}&#8221; sticky_enabled=&#8221;0&#8243; title_text=&#8221;R\u00f8d Mustang1 25 prct&#8221;][et_pb_row _builder_version=&#8221;4.16&#8243; custom_padding=&#8221;0|0px|27px|0px&#8221; global_colors_info=&#8221;{}&#8221;][et_pb_column type=&#8221;4_4&#8243; _builder_version=&#8221;4.16&#8243; custom_padding=&#8221;|||&#8221; global_colors_info=&#8221;{}&#8221; custom_padding__hover=&#8221;|||&#8221;][et_pb_text admin_label=&#8221;Text&#8221; _builder_version=&#8221;4.27.4&#8243; text_font=&#8221;Montserrat|300|||||||&#8221; text_font_size=&#8221;22px&#8221; text_line_height=&#8221;1.8em&#8221; ul_font=&#8221;||||||||&#8221; header_font=&#8221;Montserrat|500|||||||&#8221; header_font_size=&#8221;5vw&#8221; header_line_height=&#8221;1.2em&#8221; text_orientation=&#8221;center&#8221; background_layout=&#8221;dark&#8221; module_alignment=&#8221;center&#8221; text_line_height_tablet=&#8221;2em&#8221; text_line_height_phone=&#8221;2em&#8221; text_line_height_last_edited=&#8221;off|desktop&#8221; header_font_size_tablet=&#8221;40px&#8221; header_font_size_phone=&#8221;&#8221; header_font_size_last_edited=&#8221;on|tablet&#8221; header_line_height_tablet=&#8221;1.2em&#8221; header_line_height_phone=&#8221;1.1em&#8221; header_line_height_last_edited=&#8221;on|phone&#8221; header_text_shadow_style=&#8221;preset3&#8243; header_text_shadow_color=&#8221;rgba(0,0,0,0.06)&#8221; global_colors_info=&#8221;{}&#8221;]<\/p>\n<h1>Red Mustang<\/h1>\n<p>Kendt fra utallige events .<\/p>\n<p>[\/et_pb_text][et_pb_button button_url=&#8221;#&#8221; button_text=&#8221;Book en aftale via no-boking 61 31 24 06&#8243; button_alignment=&#8221;center&#8221; _builder_version=&#8221;4.27.4&#8243; custom_button=&#8221;on&#8221; button_text_size=&#8221;14px&#8221; button_bg_color=&#8221;#48d14c&#8221; button_border_width=&#8221;16px&#8221; button_border_color=&#8221;#48d14c&#8221; button_border_radius=&#8221;100px&#8221; button_letter_spacing=&#8221;1px&#8221; button_font=&#8221;Montserrat|500|||||||&#8221; background_layout=&#8221;dark&#8221; custom_margin=&#8221;40px|||&#8221; custom_padding=&#8221;|||&#8221; global_colors_info=&#8221;{}&#8221; button_text_size__hover_enabled=&#8221;off&#8221; button_one_text_size__hover_enabled=&#8221;off&#8221; button_two_text_size__hover_enabled=&#8221;off&#8221; button_text_color__hover_enabled=&#8221;off&#8221; button_one_text_color__hover_enabled=&#8221;off&#8221; button_two_text_color__hover_enabled=&#8221;off&#8221; button_border_width__hover_enabled=&#8221;off&#8221; button_one_border_width__hover_enabled=&#8221;off&#8221; button_two_border_width__hover_enabled=&#8221;off&#8221; button_border_color__hover_enabled=&#8221;off&#8221; button_one_border_color__hover_enabled=&#8221;off&#8221; button_two_border_color__hover_enabled=&#8221;off&#8221; button_border_radius__hover_enabled=&#8221;off&#8221; button_one_border_radius__hover_enabled=&#8221;off&#8221; button_two_border_radius__hover_enabled=&#8221;off&#8221; button_letter_spacing__hover_enabled=&#8221;off&#8221; button_one_letter_spacing__hover_enabled=&#8221;off&#8221; button_two_letter_spacing__hover_enabled=&#8221;off&#8221; button_bg_color__hover_enabled=&#8221;off&#8221; button_one_bg_color__hover_enabled=&#8221;off&#8221; button_two_bg_color__hover_enabled=&#8221;off&#8221;][\/et_pb_button][\/et_pb_column][\/et_pb_row][\/et_pb_section][et_pb_section fb_built=&#8221;1&#8243; admin_label=&#8221;Why Us&#8221; _builder_version=&#8221;4.16&#8243; custom_padding=&#8221;100px|0px|0px|0px|false|false&#8221; global_colors_info=&#8221;{}&#8221;][et_pb_row column_structure=&#8221;1_2,1_2&#8243; _builder_version=&#8221;4.16&#8243; width=&#8221;100%&#8221; max_width=&#8221;100%&#8221; custom_margin=&#8221;|||&#8221; custom_margin_tablet=&#8221;||0px|&#8221; custom_margin_phone=&#8221;&#8221; custom_margin_last_edited=&#8221;on|desktop&#8221; custom_padding=&#8221;|||&#8221; use_custom_width=&#8221;on&#8221; width_unit=&#8221;off&#8221; custom_width_percent=&#8221;100%&#8221; global_colors_info=&#8221;{}&#8221;][et_pb_column type=&#8221;1_2&#8243; _builder_version=&#8221;4.16&#8243; custom_padding=&#8221;60px||60px|14%&#8221; custom_padding_tablet=&#8221;0px|50px|50px|50px&#8221; custom_padding_phone=&#8221;0px|50px|50px|50px&#8221; custom_padding_last_edited=&#8221;on|desktop&#8221; global_colors_info=&#8221;{}&#8221; padding_tablet=&#8221;0px|50px|50px|50px&#8221; padding_last_edited=&#8221;on|desktop&#8221; custom_padding__hover=&#8221;|||&#8221; padding_phone=&#8221;0px|50px|50px|50px&#8221;][et_pb_text _builder_version=&#8221;4.16&#8243; text_font=&#8221;Montserrat|300|||||||&#8221; text_font_size=&#8221;16px&#8221; text_line_height=&#8221;1.8em&#8221; header_font=&#8221;||||||||&#8221; header_2_font=&#8221;Montserrat|300|||||||&#8221; header_2_font_size=&#8221;40px&#8221; header_2_line_height=&#8221;1.5em&#8221; max_width=&#8221;600px&#8221; custom_margin=&#8221;|||&#8221; custom_margin_tablet=&#8221;0px|50px||50px&#8221; custom_margin_last_edited=&#8221;off|desktop&#8221; custom_padding=&#8221;|||&#8221; header_2_font_size_tablet=&#8221;&#8221; header_2_font_size_phone=&#8221;30px&#8221; header_2_font_size_last_edited=&#8221;on|phone&#8221; global_colors_info=&#8221;{}&#8221;]<\/p>\n<h2>Red Mustang<\/h2>\n<p>[\/et_pb_text][et_pb_text _builder_version=&#8221;4.27.4&#8243; text_font=&#8221;Montserrat|300|||||||&#8221; text_font_size=&#8221;16px&#8221; text_line_height=&#8221;2em&#8221; link_font=&#8221;||||||||&#8221; ul_font=&#8221;||||||||&#8221; ol_font=&#8221;||||||||&#8221; quote_font=&#8221;||||||||&#8221; header_font=&#8221;||||||||&#8221; header_2_font=&#8221;Montserrat|300|||||||&#8221; header_2_text_color=&#8221;#212d3b&#8221; header_2_font_size=&#8221;40px&#8221; header_2_line_height=&#8221;1.5em&#8221; max_width=&#8221;600px&#8221; min_height=&#8221;555px&#8221; custom_margin=&#8221;|||&#8221; custom_margin_tablet=&#8221;0px|50px||50px&#8221; custom_margin_last_edited=&#8221;off|desktop&#8221; custom_padding=&#8221;|||&#8221; global_colors_info=&#8221;{}&#8221;]<\/p>\n<p>&nbsp;<\/p>\n<p><strong>Red Mustang<\/strong><br \/>P\u00e5 den danske rockscene findes i dag kun f\u00e5 bands hvor man med rette kan bruge betegnelsen \u201dmusikkens gr\u00e5 guld\u201d.<\/p>\n<p>Et af disse bands er Red Mustang, som blev k\u00e5ret som danmarksmestre i pop\/beat 1968.<\/p>\n<p>I \u00e5rene efter var bandet et af de mest eftertragtede klubbands i Danmark, og det blev til nogle \u00e5r med rigtig mange arrangementer, hvoraf en hel del var i Tyskland.<br \/><strong>Kontakt no-booking. <\/strong><br \/><strong>6131 2406 -mail@no-booking.dk<\/strong><\/p>\n<p>.<\/p>\n<p>&nbsp;<\/p>\n<p>[\/et_pb_text][\/et_pb_column][et_pb_column type=&#8221;1_2&#8243; _builder_version=&#8221;4.16&#8243; custom_padding=&#8221;|||&#8221; global_colors_info=&#8221;{}&#8221; custom_padding__hover=&#8221;|||&#8221;][et_pb_image src=&#8221;https:\/\/no-booking.dk\/wp-content\/uploads\/2025\/12\/logo-udton.baggrund-1-scaled.jpg&#8221; title_text=&#8221;logo udton.baggrund (1)&#8221; force_fullwidth=&#8221;on&#8221; align_tablet=&#8221;center&#8221; align_phone=&#8221;center&#8221; align_last_edited=&#8221;on|desktop&#8221; _builder_version=&#8221;4.27.4&#8243; min_height=&#8221;818px&#8221; height=&#8221;818px&#8221; max_height=&#8221;817px&#8221; custom_margin=&#8221;|||&#8221; custom_padding=&#8221;|||&#8221; animation_style=&#8221;slide&#8221; animation_direction=&#8221;right&#8221; animation_intensity_slide=&#8221;5%&#8221; border_radii=&#8221;|30px|||15vw&#8221; border_color_all=&#8221;#2f8cff&#8221; border_width_left=&#8221;2vw&#8221; box_shadow_style=&#8221;preset3&#8243; box_shadow_vertical=&#8221;30px&#8221; box_shadow_blur=&#8221;80px&#8221; box_shadow_spread=&#8221;-30px&#8221; box_shadow_color=&#8221;rgba(102,141,186,0.7)&#8221; global_colors_info=&#8221;{}&#8221;][\/et_pb_image][\/et_pb_column][\/et_pb_row][\/et_pb_section][et_pb_section fb_built=&#8221;1&#8243; admin_label=&#8221;Services&#8221; _builder_version=&#8221;4.16&#8243; background_color=&#8221;#f1f5f7&#8243; custom_padding=&#8221;100px|0px|100px|0px|true|false&#8221; border_radii=&#8221;|15vw|||&#8221; global_colors_info=&#8221;{}&#8221;][et_pb_row column_structure=&#8221;1_3,1_3,1_3&#8243; custom_padding_last_edited=&#8221;off|desktop&#8221; admin_label=&#8221;Text Area&#8221; _builder_version=&#8221;4.27.4&#8243; custom_padding=&#8221;|||&#8221; custom_padding_tablet=&#8221;100px||50px|&#8221; link_option_url=&#8221;https:\/\/webmail.stofa.dk\/?_task=mail&#038;_action=get&#038;_mbox=INBOX&#038;_uid=50043&#038;_token=I3L2srnpqc8Y7PLYLvdMUUee6tMmmBl0&#038;_part=2&#8243; global_colors_info=&#8221;{}&#8221;][et_pb_column type=&#8221;1_3&#8243; _builder_version=&#8221;4.16&#8243; custom_padding=&#8221;|||&#8221; global_colors_info=&#8221;{}&#8221; custom_padding__hover=&#8221;|||&#8221;][et_pb_audio audio=&#8221;https:\/\/no-booking.dk\/wp-content\/uploads\/2025\/12\/Black-Velvet.mp3&#8243; artist_name=&#8221;Red Mustang&#8221; _builder_version=&#8221;4.27.4&#8243; _module_preset=&#8221;default&#8221; title_text_color=&#8221;#000000&#8243; background_image=&#8221;https:\/\/no-booking.dk\/wp-content\/uploads\/2025\/11\/IMG_4882.jpeg&#8221; caption_text_shadow_style=&#8221;preset3&#8243; box_shadow_style_image=&#8221;preset2&#8243; text_shadow_style=&#8221;preset3&#8243; locked=&#8221;off&#8221; global_colors_info=&#8221;{}&#8221;][\/et_pb_audio][\/et_pb_column][et_pb_column type=&#8221;1_3&#8243; _builder_version=&#8221;4.16&#8243; custom_padding=&#8221;|||&#8221; global_colors_info=&#8221;{}&#8221; custom_padding__hover=&#8221;|||&#8221;][et_pb_audio audio=&#8221;https:\/\/no-booking.dk\/wp-content\/uploads\/2025\/12\/The-Best.mp3&#8243; artist_name=&#8221;Red Mustang&#8221; _builder_version=&#8221;4.27.4&#8243; _module_preset=&#8221;default&#8221; title_text_color=&#8221;#000000&#8243; background_image=&#8221;https:\/\/no-booking.dk\/wp-content\/uploads\/2025\/11\/IMG_4882.jpeg&#8221; caption_text_shadow_style=&#8221;preset3&#8243; box_shadow_style_image=&#8221;preset2&#8243; text_shadow_style=&#8221;preset3&#8243; locked=&#8221;off&#8221; global_colors_info=&#8221;{}&#8221;][\/et_pb_audio][\/et_pb_column][et_pb_column type=&#8221;1_3&#8243; _builder_version=&#8221;4.16&#8243; custom_padding=&#8221;|||&#8221; global_colors_info=&#8221;{}&#8221; custom_padding__hover=&#8221;|||&#8221;][et_pb_video _builder_version=&#8221;4.27.4&#8243; _module_preset=&#8221;default&#8221; global_colors_info=&#8221;{}&#8221;][\/et_pb_video][\/et_pb_column][\/et_pb_row][et_pb_row column_structure=&#8221;1_3,1_3,1_3&#8243; _builder_version=&#8221;4.16&#8243; global_colors_info=&#8221;{}&#8221;][et_pb_column type=&#8221;1_3&#8243; _builder_version=&#8221;4.16&#8243; custom_padding=&#8221;|||&#8221; global_colors_info=&#8221;{}&#8221; custom_padding__hover=&#8221;|||&#8221;][et_pb_image src=&#8221;https:\/\/no-booking.dk\/wp-content\/uploads\/2025\/12\/red-mustang-1.jpg&#8221; title_text=&#8221;red mustang&#8221; show_bottom_space=&#8221;off&#8221; force_fullwidth=&#8221;on&#8221; align_tablet=&#8221;center&#8221; align_phone=&#8221;center&#8221; align_last_edited=&#8221;on|desktop&#8221; _builder_version=&#8221;4.27.4&#8243; animation_style=&#8221;slide&#8221; animation_direction=&#8221;bottom&#8221; animation_delay=&#8221;200ms&#8221; animation_intensity_slide=&#8221;12%&#8221; border_radii=&#8221;|25px|25px||&#8221; locked=&#8221;off&#8221; global_colors_info=&#8221;{}&#8221;][\/et_pb_image][et_pb_cta button_url=&#8221;#&#8221; _builder_version=&#8221;4.27.4&#8243; header_level=&#8221;h3&#8243; header_font=&#8221;||||||||&#8221; header_line_height=&#8221;1.5em&#8221; body_font=&#8221;Montserrat|300|||||||&#8221; body_text_align=&#8221;center&#8221; body_font_size=&#8221;15px&#8221; body_line_height=&#8221;2em&#8221; background_color=&#8221;#ffffff&#8221; custom_button=&#8221;on&#8221; button_text_size=&#8221;14px&#8221; button_text_color=&#8221;#2f8cff&#8221; button_bg_color=&#8221;rgba(0,0,0,0.05)&#8221; button_border_width=&#8221;0px&#8221; button_border_radius=&#8221;100px&#8221; button_letter_spacing=&#8221;1px&#8221; button_font=&#8221;Montserrat||||||||&#8221; button_use_icon=&#8221;off&#8221; background_layout=&#8221;light&#8221; custom_padding=&#8221;30px|30px|30px|30px|true|true&#8221; animation_direction=&#8221;top&#8221; border_radii=&#8221;|||25px|25px&#8221; box_shadow_style=&#8221;preset3&#8243; box_shadow_vertical=&#8221;30px&#8221; box_shadow_blur=&#8221;50px&#8221; box_shadow_spread=&#8221;-30px&#8221; box_shadow_color=&#8221;rgba(0,0,0,0.1)&#8221; button_text_color_hover=&#8221;#ffffff&#8221; button_bg_color_hover=&#8221;#48d14c&#8221; locked=&#8221;off&#8221; global_colors_info=&#8221;{}&#8221; button_text_size__hover_enabled=&#8221;off&#8221; button_one_text_size__hover_enabled=&#8221;off&#8221; button_two_text_size__hover_enabled=&#8221;off&#8221; button_text_color__hover_enabled=&#8221;on&#8221; button_text_color__hover=&#8221;#ffffff&#8221; button_one_text_color__hover_enabled=&#8221;off&#8221; button_two_text_color__hover_enabled=&#8221;off&#8221; button_border_width__hover_enabled=&#8221;off&#8221; button_one_border_width__hover_enabled=&#8221;off&#8221; button_two_border_width__hover_enabled=&#8221;off&#8221; button_border_color__hover_enabled=&#8221;off&#8221; button_one_border_color__hover_enabled=&#8221;off&#8221; button_two_border_color__hover_enabled=&#8221;off&#8221; button_border_radius__hover_enabled=&#8221;off&#8221; button_one_border_radius__hover_enabled=&#8221;off&#8221; button_two_border_radius__hover_enabled=&#8221;off&#8221; button_letter_spacing__hover_enabled=&#8221;off&#8221; button_one_letter_spacing__hover_enabled=&#8221;off&#8221; button_two_letter_spacing__hover_enabled=&#8221;off&#8221; button_bg_color__hover_enabled=&#8221;on&#8221; button_bg_color__hover=&#8221;#48d14c&#8221; button_one_bg_color__hover_enabled=&#8221;off&#8221; button_two_bg_color__hover_enabled=&#8221;off&#8221;]<\/p>\n<h4><span style=\"font-size: 15px; color: #666666;\">\u00a0<\/span><\/h4>\n<div data-shortcode-id=\"2.1.1.1-1764024594989\" data-quickaccess-id=\"body\" data-quickaccess-editable=\"yes\" class=\"et-fb-popover-tinymce\">\n<div class=\"mce-content-body\" contenteditable=\"true\" style=\"position: relative;\">\n<p>I 1971 blev Red Mustang opl\u00f8st, da nogle af medlemmerne skulle aftjene deres v\u00e6rnepligt. Med et par singleplader og en masse gode oplevelser i bagagen, sluttede f\u00f8rste kapitel i et aktivt musikliv.<\/p>\n<p>I 1988 startede den s\u00e5kaldte tresserb\u00f8lge. Red Mustang blev p\u00e5 opfordring gendannet.<\/p>\n<p>De kom p\u00e5 plakaten med mange af de popul\u00e6re navne fra den tid her i blandt The Searchers.<\/p>\n<p><span>\u00a0<\/span><\/p>\n<p><span>\u00a0<\/span><\/p>\n<p>&nbsp;<\/p>\n<\/div>\n<\/div>\n<p>[\/et_pb_cta][\/et_pb_column][et_pb_column type=&#8221;1_3&#8243; _builder_version=&#8221;4.16&#8243; custom_padding=&#8221;|||&#8221; global_colors_info=&#8221;{}&#8221; custom_padding__hover=&#8221;|||&#8221;][et_pb_image src=&#8221;http:\/\/no-booking.dk\/wp-content\/uploads\/2026\/01\/Roed-Mustang1-25-prct-scaled.jpg&#8221; title_text=&#8221;R\u00f8d Mustang1 25 prct&#8221; show_bottom_space=&#8221;off&#8221; force_fullwidth=&#8221;on&#8221; align_tablet=&#8221;center&#8221; align_phone=&#8221;center&#8221; align_last_edited=&#8221;on|desktop&#8221; _builder_version=&#8221;4.27.5&#8243; animation_style=&#8221;slide&#8221; animation_direction=&#8221;bottom&#8221; animation_delay=&#8221;200ms&#8221; animation_intensity_slide=&#8221;12%&#8221; hover_enabled=&#8221;0&#8243; border_radii=&#8221;|25px|25px||&#8221; locked=&#8221;off&#8221; global_colors_info=&#8221;{}&#8221; sticky_enabled=&#8221;0&#8243;][\/et_pb_image][et_pb_cta button_url=&#8221;#&#8221; _builder_version=&#8221;4.27.4&#8243; header_level=&#8221;h3&#8243; header_font=&#8221;||||||||&#8221; header_line_height=&#8221;1.5em&#8221; body_font=&#8221;Montserrat|300|||||||&#8221; body_text_align=&#8221;center&#8221; body_font_size=&#8221;15px&#8221; body_line_height=&#8221;2em&#8221; background_color=&#8221;#ffffff&#8221; custom_button=&#8221;on&#8221; button_text_size=&#8221;14px&#8221; button_text_color=&#8221;#2f8cff&#8221; button_bg_color=&#8221;rgba(0,0,0,0.05)&#8221; button_border_width=&#8221;0px&#8221; button_border_radius=&#8221;100px&#8221; button_letter_spacing=&#8221;1px&#8221; button_font=&#8221;Montserrat||||||||&#8221; button_use_icon=&#8221;off&#8221; background_layout=&#8221;light&#8221; custom_padding=&#8221;5px|30px|5px|30px|true|true&#8221; animation_direction=&#8221;top&#8221; border_radii=&#8221;|||25px|25px&#8221; box_shadow_style=&#8221;preset3&#8243; box_shadow_vertical=&#8221;30px&#8221; box_shadow_blur=&#8221;50px&#8221; box_shadow_spread=&#8221;-30px&#8221; box_shadow_color=&#8221;rgba(0,0,0,0.1)&#8221; button_text_color_hover=&#8221;#ffffff&#8221; button_bg_color_hover=&#8221;#48d14c&#8221; locked=&#8221;off&#8221; global_colors_info=&#8221;{}&#8221; button_text_size__hover_enabled=&#8221;off&#8221; button_one_text_size__hover_enabled=&#8221;off&#8221; button_two_text_size__hover_enabled=&#8221;off&#8221; button_text_color__hover_enabled=&#8221;on&#8221; button_text_color__hover=&#8221;#ffffff&#8221; button_one_text_color__hover_enabled=&#8221;off&#8221; button_two_text_color__hover_enabled=&#8221;off&#8221; button_border_width__hover_enabled=&#8221;off&#8221; button_one_border_width__hover_enabled=&#8221;off&#8221; button_two_border_width__hover_enabled=&#8221;off&#8221; button_border_color__hover_enabled=&#8221;off&#8221; button_one_border_color__hover_enabled=&#8221;off&#8221; button_two_border_color__hover_enabled=&#8221;off&#8221; button_border_radius__hover_enabled=&#8221;off&#8221; button_one_border_radius__hover_enabled=&#8221;off&#8221; button_two_border_radius__hover_enabled=&#8221;off&#8221; button_letter_spacing__hover_enabled=&#8221;off&#8221; button_one_letter_spacing__hover_enabled=&#8221;off&#8221; button_two_letter_spacing__hover_enabled=&#8221;off&#8221; button_bg_color__hover_enabled=&#8221;on&#8221; button_bg_color__hover=&#8221;#48d14c&#8221; button_one_bg_color__hover_enabled=&#8221;off&#8221; button_two_bg_color__hover_enabled=&#8221;off&#8221;]<\/p>\n<p>Siden da har Red Mustang udviklet sig til at blive et band der virkelig f\u00e5r deres musik ud<\/p>\n<p>over scenekanten, og som man kan t\u00e5le at se og h\u00f8re igen og igen. Der er en smittende gl\u00e6de og energi p\u00e5 scenen, som er blevet v\u00e6rdsat p\u00e5 mange af de danske tresserfestivaler.<\/p>\n<p>Her har de v\u00e6ret p\u00e5 plakaten med mange af tressernes store ikoner som f.eks. Swinging Blue Jeans, Mungo Jerry, Chris Normann, The Searchers, The Tremeloes, Fortunes, Mersey Beats<\/p>\n<p>og Hermans Hermits. Der skal mod og mandshjerte til at lukke en festival med s\u00e5dan nogle navne p\u00e5 scenen, og det har Red Mustang. I kraft af deres erfaring og repertoire holder de p\u00e5 publikum til sidste minut, og s\u00e6tter et flot punktum for festivalen.<\/p>\n<p>[\/et_pb_cta][\/et_pb_column][et_pb_column type=&#8221;1_3&#8243; _builder_version=&#8221;4.16&#8243; custom_padding=&#8221;|||&#8221; global_colors_info=&#8221;{}&#8221; custom_padding__hover=&#8221;|||&#8221;][et_pb_image src=&#8221;https:\/\/no-booking.dk\/wp-content\/uploads\/2025\/12\/DSC_1824-scaled.jpg&#8221; title_text=&#8221;DSC_1824&#8243; show_bottom_space=&#8221;off&#8221; force_fullwidth=&#8221;on&#8221; align_tablet=&#8221;center&#8221; align_phone=&#8221;center&#8221; align_last_edited=&#8221;on|desktop&#8221; _builder_version=&#8221;4.27.4&#8243; animation_style=&#8221;slide&#8221; animation_direction=&#8221;bottom&#8221; animation_delay=&#8221;200ms&#8221; animation_intensity_slide=&#8221;12%&#8221; border_radii=&#8221;|25px|25px||&#8221; locked=&#8221;off&#8221; global_colors_info=&#8221;{}&#8221;][\/et_pb_image][et_pb_cta button_url=&#8221;#&#8221; _builder_version=&#8221;4.27.4&#8243; header_level=&#8221;h3&#8243; header_font=&#8221;||||||||&#8221; header_line_height=&#8221;1.5em&#8221; body_font=&#8221;Montserrat|300|||||||&#8221; body_text_align=&#8221;center&#8221; body_font_size=&#8221;15px&#8221; body_line_height=&#8221;2em&#8221; background_color=&#8221;#ffffff&#8221; custom_button=&#8221;on&#8221; button_text_size=&#8221;14px&#8221; button_text_color=&#8221;#2f8cff&#8221; button_bg_color=&#8221;rgba(0,0,0,0.05)&#8221; button_border_width=&#8221;0px&#8221; button_border_radius=&#8221;100px&#8221; button_letter_spacing=&#8221;1px&#8221; button_font=&#8221;Montserrat||||||||&#8221; button_use_icon=&#8221;off&#8221; background_layout=&#8221;light&#8221; custom_padding=&#8221;6px|30px|6px|30px|true|true&#8221; animation_direction=&#8221;top&#8221; border_radii=&#8221;|||25px|25px&#8221; box_shadow_style=&#8221;preset3&#8243; box_shadow_vertical=&#8221;30px&#8221; box_shadow_blur=&#8221;50px&#8221; box_shadow_spread=&#8221;-30px&#8221; box_shadow_color=&#8221;rgba(0,0,0,0.1)&#8221; button_text_color_hover=&#8221;#ffffff&#8221; button_bg_color_hover=&#8221;#48d14c&#8221; locked=&#8221;off&#8221; global_colors_info=&#8221;{}&#8221; button_text_size__hover_enabled=&#8221;off&#8221; button_one_text_size__hover_enabled=&#8221;off&#8221; button_two_text_size__hover_enabled=&#8221;off&#8221; button_text_color__hover_enabled=&#8221;on&#8221; button_text_color__hover=&#8221;#ffffff&#8221; button_one_text_color__hover_enabled=&#8221;off&#8221; button_two_text_color__hover_enabled=&#8221;off&#8221; button_border_width__hover_enabled=&#8221;off&#8221; button_one_border_width__hover_enabled=&#8221;off&#8221; button_two_border_width__hover_enabled=&#8221;off&#8221; button_border_color__hover_enabled=&#8221;off&#8221; button_one_border_color__hover_enabled=&#8221;off&#8221; button_two_border_color__hover_enabled=&#8221;off&#8221; button_border_radius__hover_enabled=&#8221;off&#8221; button_one_border_radius__hover_enabled=&#8221;off&#8221; button_two_border_radius__hover_enabled=&#8221;off&#8221; button_letter_spacing__hover_enabled=&#8221;off&#8221; button_one_letter_spacing__hover_enabled=&#8221;off&#8221; button_two_letter_spacing__hover_enabled=&#8221;off&#8221; button_bg_color__hover_enabled=&#8221;on&#8221; button_bg_color__hover=&#8221;#48d14c&#8221; button_one_bg_color__hover_enabled=&#8221;off&#8221; button_two_bg_color__hover_enabled=&#8221;off&#8221;]<\/p>\n<p>Fremtiden<\/p>\n<p>Hvordan fremtiden tegner sig for Red Mustang kan vi kun g\u00e6tte p\u00e5, og vores g\u00e6t er, at der i de n\u00e6ste \u00e5r stadig vil st\u00e5 Red Mustang p\u00e5 mange plakater rundt om i landet, da det p\u00e5 ingen m\u00e5de er et band der lider af metaltr\u00e6thed.<\/p>\n<p>N\u00e5r man sp\u00f8rger Red Mustang om hvad de v\u00e6rds\u00e6tter mest n\u00e5r de er ude p\u00e5 job, s\u00e5 er svaret at det er n\u00e5r publikum efter koncerten siger\u2026 Tak for denne gang, vi ses helt sikkert igen!<\/p>\n<p><span>\u00a0<\/span><\/p>\n<p>Dette udsagn holder altid stik\u2026\u2026s\u00e5 vi ses!<\/p>\n<p>[\/et_pb_cta][\/et_pb_column][\/et_pb_row][\/et_pb_section]<\/p>\n","protected":false},"excerpt":{"rendered":"<p>Red Mustang Kendt fra utallige events .Red Mustang&nbsp; Red MustangP\u00e5 den danske rockscene findes i dag kun f\u00e5 bands hvor man med rette kan bruge betegnelsen \u201dmusikkens gr\u00e5 guld\u201d. Et af disse bands er Red Mustang, som blev k\u00e5ret som danmarksmestre i pop\/beat 1968. I \u00e5rene efter var bandet et af de mest eftertragtede klubbands [&hellip;]<\/p>\n","protected":false},"author":2,"featured_media":0,"parent":0,"menu_order":0,"comment_status":"closed","ping_status":"closed","template":"","meta":{"_et_pb_use_builder":"on","_et_pb_old_content":"","_et_gb_content_width":"","footnotes":""},"folder":[],"class_list":["post-857","page","type-page","status-publish","hentry"],"jetpack_sharing_enabled":true,"_links":{"self":[{"href":"https:\/\/no-booking.dk\/index.php?rest_route=\/wp\/v2\/pages\/857","targetHints":{"allow":["GET"]}}],"collection":[{"href":"https:\/\/no-booking.dk\/index.php?rest_route=\/wp\/v2\/pages"}],"about":[{"href":"https:\/\/no-booking.dk\/index.php?rest_route=\/wp\/v2\/types\/page"}],"author":[{"embeddable":true,"href":"https:\/\/no-booking.dk\/index.php?rest_route=\/wp\/v2\/users\/2"}],"replies":[{"embeddable":true,"href":"https:\/\/no-booking.dk\/index.php?rest_route=%2Fwp%2Fv2%2Fcomments&post=857"}],"version-history":[{"count":46,"href":"https:\/\/no-booking.dk\/index.php?rest_route=\/wp\/v2\/pages\/857\/revisions"}],"predecessor-version":[{"id":2549,"href":"https:\/\/no-booking.dk\/index.php?rest_route=\/wp\/v2\/pages\/857\/revisions\/2549"}],"wp:attachment":[{"href":"https:\/\/no-booking.dk\/index.php?rest_route=%2Fwp%2Fv2%2Fmedia&parent=857"}],"wp:term":[{"taxonomy":"folder","embeddable":true,"href":"https:\/\/no-booking.dk\/index.php?rest_route=%2Fwp%2Fv2%2Ffolder&post=857"}],"curies":[{"name":"wp","href":"https:\/\/api.w.org\/{rel}","templated":true}]}}